{"id":1003,"date":"2020-01-31T12:11:18","date_gmt":"2020-01-31T15:11:18","guid":{"rendered":"http:\/\/seune.edu.br\/portalseune\/?page_id=1003"},"modified":"2026-02-06T17:41:01","modified_gmt":"2026-02-06T20:41:01","slug":"contato","status":"publish","type":"page","link":"https:\/\/seune.edu.br\/portalseune\/contato\/","title":{"rendered":"Contato"},"content":{"rendered":"\t\t<div data-elementor-type=\"wp-page\" data-elementor-id=\"1003\" class=\"elementor elementor-1003\">\n\t\t\t\t\t\t<section class=\"elementor-section elementor-top-section elementor-element elementor-element-14e2cf7 elementor-section-stretched elementor-section-boxed elementor-section-height-default elementor-section-height-default exad-glass-effect-no wpr-particle-no wpr-jarallax-no wpr-parallax-no wpr-sticky-section-no exad-sticky-section-no\" data-id=\"14e2cf7\" data-element_type=\"section\" data-e-type=\"section\" data-settings=\"{&quot;stretch_section&quot;:&quot;section-stretched&quot;}\">\n\t\t\t\t\t\t<div class=\"elementor-container elementor-column-gap-default\">\n\t\t\t\t\t<div class=\"elementor-column elementor-col-100 elementor-top-column elementor-element elementor-element-bc63e89 exad-glass-effect-no exad-sticky-section-no\" data-id=\"bc63e89\" data-element_type=\"column\" data-e-type=\"column\">\n\t\t\t<div class=\"elementor-widget-wrap\">\n\t\t\t\t\t\t\t<\/div>\n\t\t<\/div>\n\t\t\t\t\t<\/div>\n\t\t<\/section>\n\t\t\t\t<section class=\"elementor-section elementor-top-section elementor-element elementor-element-5ecac9e conteudo-branco elementor-section-boxed elementor-section-height-default elementor-section-height-default exad-glass-effect-no wpr-particle-no wpr-jarallax-no wpr-parallax-no wpr-sticky-section-no exad-sticky-section-no\" data-id=\"5ecac9e\" data-element_type=\"section\" data-e-type=\"section\">\n\t\t\t\t\t\t<div class=\"elementor-container elementor-column-gap-default\">\n\t\t\t\t\t<div class=\"elementor-column elementor-col-100 elementor-top-column elementor-element elementor-element-9f76c5b exad-glass-effect-no exad-sticky-section-no\" data-id=\"9f76c5b\" data-element_type=\"column\" data-e-type=\"column\">\n\t\t\t<div class=\"elementor-widget-wrap elementor-element-populated\">\n\t\t\t\t\t\t<div class=\"elementor-element elementor-element-d6092d5 elementor-hidden-tablet elementor-hidden-mobile exad-sticky-section-no exad-glass-effect-no elementor-widget elementor-widget-image\" data-id=\"d6092d5\" data-element_type=\"widget\" data-e-type=\"widget\" data-widget_type=\"image.default\">\n\t\t\t\t<div class=\"elementor-widget-container\">\n\t\t\t\t\t\t\t\t\t\t\t\t\t\t\t<img fetchpriority=\"high\" decoding=\"async\" width=\"780\" height=\"260\" src=\"https:\/\/seune.edu.br\/portalseune\/wp-content\/uploads\/2026\/02\/Quarto-Esboco-de-Banner-1024x341-1.png\" class=\"attachment-large size-large wp-image-6297\" alt=\"\" srcset=\"https:\/\/seune.edu.br\/portalseune\/wp-content\/uploads\/2026\/02\/Quarto-Esboco-de-Banner-1024x341-1.png 1024w, https:\/\/seune.edu.br\/portalseune\/wp-content\/uploads\/2026\/02\/Quarto-Esboco-de-Banner-1024x341-1-300x100.png 300w, https:\/\/seune.edu.br\/portalseune\/wp-content\/uploads\/2026\/02\/Quarto-Esboco-de-Banner-1024x341-1-768x256.png 768w\" sizes=\"(max-width: 780px) 100vw, 780px\" \/>\t\t\t\t\t\t\t\t\t\t\t\t\t\t\t<\/div>\n\t\t\t\t<\/div>\n\t\t\t\t<div class=\"elementor-element elementor-element-5dffdd3 exad-sticky-section-no exad-glass-effect-no elementor-widget elementor-widget-text-editor\" data-id=\"5dffdd3\" data-element_type=\"widget\" data-e-type=\"widget\" data-widget_type=\"text-editor.default\">\n\t\t\t\t<div class=\"elementor-widget-container\">\n\t\t\t\t\t\t\t\t\t<p>Para assuntos acad\u00eamicos, financeiros e outros, estamos \u00e0 disposi\u00e7\u00e3o de forma presencial, das 15h \u00e0s 20h, ou pelo telefone\/ WhatsApp 82 99922-7443.\u00a0<\/p>\t\t\t\t\t\t\t\t<\/div>\n\t\t\t\t<\/div>\n\t\t\t\t\t<\/div>\n\t\t<\/div>\n\t\t\t\t\t<\/div>\n\t\t<\/section>\n\t\t\t\t<section class=\"elementor-section elementor-top-section elementor-element elementor-element-301edf1 elementor-section-boxed elementor-section-height-default elementor-section-height-default exad-glass-effect-no wpr-particle-no wpr-jarallax-no wpr-parallax-no wpr-sticky-section-no exad-sticky-section-no\" data-id=\"301edf1\" data-element_type=\"section\" data-e-type=\"section\">\n\t\t\t\t\t\t<div class=\"elementor-container elementor-column-gap-default\">\n\t\t\t\t\t<div class=\"elementor-column elementor-col-100 elementor-top-column elementor-element elementor-element-6f07cd6 exad-glass-effect-no exad-sticky-section-no\" data-id=\"6f07cd6\" data-element_type=\"column\" data-e-type=\"column\">\n\t\t\t<div class=\"elementor-widget-wrap\">\n\t\t\t\t\t\t\t<\/div>\n\t\t<\/div>\n\t\t\t\t\t<\/div>\n\t\t<\/section>\n\t\t\t\t<section class=\"elementor-section elementor-top-section elementor-element elementor-element-1d692a8 elementor-section-boxed elementor-section-height-default elementor-section-height-default exad-glass-effect-no wpr-particle-no wpr-jarallax-no wpr-parallax-no wpr-sticky-section-no exad-sticky-section-no\" data-id=\"1d692a8\" data-element_type=\"section\" data-e-type=\"section\">\n\t\t\t\t\t\t<div class=\"elementor-container elementor-column-gap-default\">\n\t\t\t\t\t<div class=\"elementor-column elementor-col-100 elementor-top-column elementor-element elementor-element-8d0c956 exad-glass-effect-no exad-sticky-section-no\" data-id=\"8d0c956\" data-element_type=\"column\" data-e-type=\"column\">\n\t\t\t<div class=\"elementor-widget-wrap\">\n\t\t\t\t\t\t\t<\/div>\n\t\t<\/div>\n\t\t\t\t\t<\/div>\n\t\t<\/section>\n\t\t\t\t<\/div>\n\t\t","protected":false},"excerpt":{"rendered":"<p>Para assuntos acad\u00eamicos, financeiros e outros, estamos \u00e0 disposi\u00e7\u00e3o de forma presencial, das 15h \u00e0s 20h, ou pelo telefone\/ WhatsApp 82 99922-7443.\u00a0<\/p>\n","protected":false},"author":1,"featured_media":0,"parent":0,"menu_order":0,"comment_status":"closed","ping_status":"closed","template":"elementor_header_footer","meta":{"_acf_changed":false,"footnotes":""},"class_list":["post-1003","page","type-page","status-publish","hentry"],"acf":[],"jetpack_sharing_enabled":true,"_links":{"self":[{"href":"https:\/\/seune.edu.br\/portalseune\/wp-json\/wp\/v2\/pages\/1003","targetHints":{"allow":["GET"]}}],"collection":[{"href":"https:\/\/seune.edu.br\/portalseune\/wp-json\/wp\/v2\/pages"}],"about":[{"href":"https:\/\/seune.edu.br\/portalseune\/wp-json\/wp\/v2\/types\/page"}],"author":[{"embeddable":true,"href":"https:\/\/seune.edu.br\/portalseune\/wp-json\/wp\/v2\/users\/1"}],"replies":[{"embeddable":true,"href":"https:\/\/seune.edu.br\/portalseune\/wp-json\/wp\/v2\/comments?post=1003"}],"version-history":[{"count":65,"href":"https:\/\/seune.edu.br\/portalseune\/wp-json\/wp\/v2\/pages\/1003\/revisions"}],"predecessor-version":[{"id":6416,"href":"https:\/\/seune.edu.br\/portalseune\/wp-json\/wp\/v2\/pages\/1003\/revisions\/6416"}],"wp:attachment":[{"href":"https:\/\/seune.edu.br\/portalseune\/wp-json\/wp\/v2\/media?parent=1003"}],"curies":[{"name":"wp","href":"https:\/\/api.w.org\/{rel}","templated":true}]}}