{"id":1282,"date":"2020-02-06T10:56:13","date_gmt":"2020-02-06T13:56:13","guid":{"rendered":"http:\/\/seune.edu.br\/portalseune\/?page_id=1282"},"modified":"2020-02-06T10:59:08","modified_gmt":"2020-02-06T13:59:08","slug":"docentes-enfermagem","status":"publish","type":"page","link":"https:\/\/seune.edu.br\/portalseune\/home\/docentes-enfermagem\/","title":{"rendered":"Docentes Enfermagem"},"content":{"rendered":"\t\t<div data-elementor-type=\"wp-page\" data-elementor-id=\"1282\" class=\"elementor elementor-1282\">\n\t\t\t\t\t\t<section class=\"elementor-section elementor-top-section elementor-element elementor-element-02831ee elementor-section-boxed elementor-section-height-default elementor-section-height-default exad-glass-effect-no wpr-particle-no wpr-jarallax-no wpr-parallax-no wpr-sticky-section-no exad-sticky-section-no\" data-id=\"02831ee\" data-element_type=\"section\" data-e-type=\"section\">\n\t\t\t\t\t\t<div class=\"elementor-container elementor-column-gap-default\">\n\t\t\t\t\t<div class=\"elementor-column elementor-col-100 elementor-top-column elementor-element elementor-element-f9db9fe exad-glass-effect-no exad-sticky-section-no\" data-id=\"f9db9fe\" data-element_type=\"column\" data-e-type=\"column\">\n\t\t\t<div class=\"elementor-widget-wrap elementor-element-populated\">\n\t\t\t\t\t\t<div class=\"elementor-element elementor-element-8b82099 exad-sticky-section-no exad-glass-effect-no elementor-widget elementor-widget-html\" data-id=\"8b82099\" data-element_type=\"widget\" data-e-type=\"widget\" data-widget_type=\"html.default\">\n\t\t\t\t<div class=\"elementor-widget-container\">\n\t\t\t\t\t<style>\n    #elementor-menu-toggle {\n\n    width: 100% !important;\n   font-size: 1em;\n   margin: 0;\n}\n<\/style>\t\t\t\t<\/div>\n\t\t\t\t<\/div>\n\t\t\t\t<div class=\"elementor-element elementor-element-543b00b elementor-hidden-phone exad-sticky-section-no exad-glass-effect-no elementor-widget elementor-widget-image\" data-id=\"543b00b\" data-element_type=\"widget\" data-e-type=\"widget\" data-widget_type=\"image.default\">\n\t\t\t\t<div class=\"elementor-widget-container\">\n\t\t\t\t\t\t\t\t\t\t\t\t\t\t\t<img decoding=\"async\" src=\"https:\/\/seune.edu.br\/portalseune\/wp-content\/uploads\/elementor\/thumbs\/OtEnfermagem-1140-200-p495m11zqg4tifxkahffs997l9qhygbz8498z25s40.png\" title=\"OtEnfermagem-1140-200\" alt=\"OtEnfermagem-1140-200\" loading=\"lazy\" \/>\t\t\t\t\t\t\t\t\t\t\t\t\t\t\t<\/div>\n\t\t\t\t<\/div>\n\t\t\t\t<div class=\"elementor-element elementor-element-63695c0 elementor-hidden-desktop elementor-hidden-tablet exad-sticky-section-no exad-glass-effect-no elementor-widget elementor-widget-image\" data-id=\"63695c0\" data-element_type=\"widget\" data-e-type=\"widget\" data-widget_type=\"image.default\">\n\t\t\t\t<div class=\"elementor-widget-container\">\n\t\t\t\t\t\t\t\t\t\t\t\t\t\t\t<img fetchpriority=\"high\" decoding=\"async\" width=\"400\" height=\"163\" src=\"https:\/\/seune.edu.br\/portalseune\/wp-content\/uploads\/2020\/01\/enfer400x63.png\" class=\"attachment-large size-large wp-image-856\" alt=\"\" srcset=\"https:\/\/seune.edu.br\/portalseune\/wp-content\/uploads\/2020\/01\/enfer400x63.png 400w, https:\/\/seune.edu.br\/portalseune\/wp-content\/uploads\/2020\/01\/enfer400x63-300x122.png 300w\" sizes=\"(max-width: 400px) 100vw, 400px\" \/>\t\t\t\t\t\t\t\t\t\t\t\t\t\t\t<\/div>\n\t\t\t\t<\/div>\n\t\t\t\t\t<\/div>\n\t\t<\/div>\n\t\t\t\t\t<\/div>\n\t\t<\/section>\n\t\t\t\t<section class=\"elementor-section elementor-top-section elementor-element elementor-element-58d464a elementor-section-boxed elementor-section-height-default elementor-section-height-default exad-glass-effect-no wpr-particle-no wpr-jarallax-no wpr-parallax-no wpr-sticky-section-no exad-sticky-section-no\" data-id=\"58d464a\" data-element_type=\"section\" data-e-type=\"section\">\n\t\t\t\t\t\t<div class=\"elementor-container elementor-column-gap-default\">\n\t\t\t\t\t<div class=\"elementor-column elementor-col-100 elementor-top-column elementor-element elementor-element-c1fc4a3 exad-glass-effect-no exad-sticky-section-no\" data-id=\"c1fc4a3\" data-element_type=\"column\" data-e-type=\"column\">\n\t\t\t<div class=\"elementor-widget-wrap elementor-element-populated\">\n\t\t\t\t\t\t<div class=\"elementor-element elementor-element-ce256ff exad-sticky-section-no exad-glass-effect-no elementor-widget elementor-widget-heading\" data-id=\"ce256ff\" data-element_type=\"widget\" data-e-type=\"widget\" data-widget_type=\"heading.default\">\n\t\t\t\t<div class=\"elementor-widget-container\">\n\t\t\t\t\t<h2 class=\"elementor-heading-title elementor-size-default\">Corpo Docente<\/h2>\t\t\t\t<\/div>\n\t\t\t\t<\/div>\n\t\t\t\t\t<\/div>\n\t\t<\/div>\n\t\t\t\t\t<\/div>\n\t\t<\/section>\n\t\t\t\t<section class=\"elementor-section elementor-top-section elementor-element elementor-element-8f41045 elementor-section-boxed elementor-section-height-default elementor-section-height-default exad-glass-effect-no wpr-particle-no wpr-jarallax-no wpr-parallax-no wpr-sticky-section-no exad-sticky-section-no\" data-id=\"8f41045\" data-element_type=\"section\" data-e-type=\"section\">\n\t\t\t\t\t\t<div class=\"elementor-container elementor-column-gap-default\">\n\t\t\t\t\t<div class=\"elementor-column elementor-col-100 elementor-top-column elementor-element elementor-element-2577381 exad-glass-effect-no exad-sticky-section-no\" data-id=\"2577381\" data-element_type=\"column\" data-e-type=\"column\">\n\t\t\t<div class=\"elementor-widget-wrap elementor-element-populated\">\n\t\t\t\t\t\t<div class=\"elementor-element elementor-element-ef30528 exad-sticky-section-no exad-glass-effect-no elementor-widget elementor-widget-html\" data-id=\"ef30528\" data-element_type=\"widget\" data-e-type=\"widget\" data-widget_type=\"html.default\">\n\t\t\t\t<div class=\"elementor-widget-container\">\n\t\t\t\t\t\r\n\r\n<div style=\"width: 100%;text-align: center;\" >\r\n<span style=\"text-align: center;\" >\r\n            <div class=\"boxprofessor\">\r\n            <a href=\"#\">\r\n            <div class=\"professor\" id=\"divprof0\" onclick=\"Mudarestado('infoProf0');sinal('seta0');cor('divprof0');\">\r\n                 ADNEZ REGINA  TERTULIANO DA S CASSIMIRO      \r\n \r\n            <span class=\"seta\" id=\"seta0\" >+<\/span>\r\n            <\/div>\r\n            <\/a>\r\n            <div id=\"infoProf0\" class=\"h infoprof \">\r\n                \r\n                Graduado(a)     \r\n                <br><br>\r\n\r\n                <a href=\"http:\/\/lattes.cnpq.br\/2991422606825394\r\n\" class=\"lattes\">Curr\u00edculo Lattes<\/a>\r\n\r\n            <\/div>\r\n            \r\n        <\/div> \r\n    \r\n    \r\n    \r\n    \r\n    \r\n        \r\n            <div class=\"boxprofessor\">\r\n            <a href=\"#\">\r\n            <div class=\"professor\" id=\"divprof1\" onclick=\"Mudarestado('infoProf1');sinal('seta1');cor('divprof1');\">\r\n                 ALINE DE ARAUJO MARQUES                      \r\n \r\n            <span class=\"seta\" id=\"seta1\" >+<\/span>\r\n            <\/div>\r\n            <\/a>\r\n            <div id=\"infoProf1\" class=\"h infoprof \">\r\n                \r\n                Graduado(a)     \r\n                <br><br>\r\n\r\n                <a href=\"http:\/\/lattes.cnpq.br\/7466390866723085\r\n\" class=\"lattes\">Curr\u00edculo Lattes<\/a>\r\n\r\n            <\/div>\r\n            \r\n        <\/div> \r\n    \r\n    \r\n    \r\n    \r\n    \r\n        \r\n            <div class=\"boxprofessor\">\r\n            <a href=\"#\">\r\n            <div class=\"professor\" id=\"divprof2\" onclick=\"Mudarestado('infoProf2');sinal('seta2');cor('divprof2');\">\r\n                 BERNARDO LUCENA JR                           \r\n \r\n            <span class=\"seta\" id=\"seta2\" >+<\/span>\r\n            <\/div>\r\n            <\/a>\r\n            <div id=\"infoProf2\" class=\"h infoprof \">\r\n                \r\n                Graduado(a)      \r\n                <br><br>\r\n\r\n                <a href=\"http:\/\/lattes.cnpq.br\/7165449697879479\r\n\" class=\"lattes\">Curr\u00edculo Lattes<\/a>\r\n\r\n            <\/div>\r\n            \r\n        <\/div> \r\n    \r\n    \r\n    \r\n    \r\n    \r\n        \r\n            <div class=\"boxprofessor\">\r\n            <a href=\"#\">\r\n            <div class=\"professor\" id=\"divprof3\" onclick=\"Mudarestado('infoProf3');sinal('seta3');cor('divprof3');\">\r\n                 CARLA CARDOSO DE OLIVEIRA BARBOSA            \r\n \r\n            <span class=\"seta\" id=\"seta3\" >+<\/span>\r\n            <\/div>\r\n            <\/a>\r\n            <div id=\"infoProf3\" class=\"h infoprof \">\r\n                \r\n                Especialista     \r\n                <br><br>\r\n\r\n                <a href=\"http:\/\/lattes.cnpq.br\/1231401441717956\r\n\" class=\"lattes\">Curr\u00edculo Lattes<\/a>\r\n\r\n            <\/div>\r\n            \r\n        <\/div> \r\n    \r\n    \r\n    \r\n    \r\n    \r\n        \r\n            <div class=\"boxprofessor\">\r\n            <a href=\"#\">\r\n            <div class=\"professor\" id=\"divprof4\" onclick=\"Mudarestado('infoProf4');sinal('seta4');cor('divprof4');\">\r\n                 ELZA MARCULINO DUARTE                        \r\n \r\n            <span class=\"seta\" id=\"seta4\" >+<\/span>\r\n            <\/div>\r\n            <\/a>\r\n            <div id=\"infoProf4\" class=\"h infoprof \">\r\n                \r\n                Especialista    \r\n                <br><br>\r\n\r\n                <a href=\"http:\/\/lattes.cnpq.br\/5225302412077833\r\n\" class=\"lattes\">Curr\u00edculo Lattes<\/a>\r\n\r\n            <\/div>\r\n            \r\n        <\/div> \r\n    \r\n    \r\n    \r\n    \r\n    \r\n        \r\n            <div class=\"boxprofessor\">\r\n            <a href=\"#\">\r\n            <div class=\"professor\" id=\"divprof5\" onclick=\"Mudarestado('infoProf5');sinal('seta5');cor('divprof5');\">\r\n                 FRANCISCO JOILSOM CARVALHO SARAIVA           \r\n \r\n            <span class=\"seta\" id=\"seta5\" >+<\/span>\r\n            <\/div>\r\n            <\/a>\r\n            <div id=\"infoProf5\" class=\"h infoprof \">\r\n                \r\n                Especialista    \r\n                <br><br>\r\n\r\n                <a href=\"http:\/\/lattes.cnpq.br\/2695325744065730\r\n\" class=\"lattes\">Curr\u00edculo Lattes<\/a>\r\n\r\n            <\/div>\r\n            \r\n        <\/div> \r\n    \r\n    \r\n    \r\n    \r\n    \r\n        \r\n            <div class=\"boxprofessor\">\r\n            <a href=\"#\">\r\n            <div class=\"professor\" id=\"divprof6\" onclick=\"Mudarestado('infoProf6');sinal('seta6');cor('divprof6');\">\r\n                 JAMES FARLEY ESTEVAM DOS SANTOS              \r\n \r\n            <span class=\"seta\" id=\"seta6\" >+<\/span>\r\n            <\/div>\r\n            <\/a>\r\n            <div id=\"infoProf6\" class=\"h infoprof \">\r\n                \r\n                Mestre(a)       \r\n                <br><br>\r\n\r\n                <a href=\"http:\/\/lattes.cnpq.br\/9354811505376290\r\n\" class=\"lattes\">Curr\u00edculo Lattes<\/a>\r\n\r\n            <\/div>\r\n            \r\n        <\/div> \r\n    \r\n    \r\n    \r\n    \r\n    \r\n        \r\n            <div class=\"boxprofessor\">\r\n            <a href=\"#\">\r\n            <div class=\"professor\" id=\"divprof7\" onclick=\"Mudarestado('infoProf7');sinal('seta7');cor('divprof7');\">\r\n                 J\u00c9SSICA NAZ\u00c1RIO DE PAULA ARROXELAS           \r\n \r\n            <span class=\"seta\" id=\"seta7\" >+<\/span>\r\n            <\/div>\r\n            <\/a>\r\n            <div id=\"infoProf7\" class=\"h infoprof \">\r\n                \r\n                Especialista    \r\n                <br><br>\r\n\r\n                <a href=\"http:\/\/lattes.cnpq.br\/4730844919409187\r\n\" class=\"lattes\">Curr\u00edculo Lattes<\/a>\r\n\r\n            <\/div>\r\n            \r\n        <\/div> \r\n    \r\n    \r\n    \r\n    \r\n    \r\n        \r\n            <div class=\"boxprofessor\">\r\n            <a href=\"#\">\r\n            <div class=\"professor\" id=\"divprof8\" onclick=\"Mudarestado('infoProf8');sinal('seta8');cor('divprof8');\">\r\n                 JOSE CESAR DE OLIVEIRA CERQUEIRA             \r\n \r\n            <span class=\"seta\" id=\"seta8\" >+<\/span>\r\n            <\/div>\r\n            <\/a>\r\n            <div id=\"infoProf8\" class=\"h infoprof \">\r\n                \r\n                Graduado(a)    \r\n                <br><br>\r\n\r\n                <a href=\"http:\/\/lattes.cnpq.br\/1705117301706984\r\n\" class=\"lattes\">Curr\u00edculo Lattes<\/a>\r\n\r\n            <\/div>\r\n            \r\n        <\/div> \r\n    \r\n    \r\n    \r\n    \r\n    \r\n        \r\n            <div class=\"boxprofessor\">\r\n            <a href=\"#\">\r\n            <div class=\"professor\" id=\"divprof9\" onclick=\"Mudarestado('infoProf9');sinal('seta9');cor('divprof9');\">\r\n                 MABEL ALENCAR DO NASCIMENTO                  \r\n \r\n            <span class=\"seta\" id=\"seta9\" >+<\/span>\r\n            <\/div>\r\n            <\/a>\r\n            <div id=\"infoProf9\" class=\"h infoprof \">\r\n                \r\n                Mestre(a)       \r\n                <br><br>\r\n\r\n                <a href=\"http:\/\/lattes.cnpq.br\/0651700365625556\r\n\" class=\"lattes\">Curr\u00edculo Lattes<\/a>\r\n\r\n            <\/div>\r\n            \r\n        <\/div> \r\n    \r\n    \r\n    \r\n    \r\n    \r\n        \r\n            <div class=\"boxprofessor\">\r\n            <a href=\"#\">\r\n            <div class=\"professor\" id=\"divprof10\" onclick=\"Mudarestado('infoProf10');sinal('seta10');cor('divprof10');\">\r\n                 MARIA REJANE CALHEIROS DA VIRGEM             \r\n \r\n            <span class=\"seta\" id=\"seta10\" >+<\/span>\r\n            <\/div>\r\n            <\/a>\r\n            <div id=\"infoProf10\" class=\"h infoprof \">\r\n                \r\n                Mestre(a)       \r\n                <br><br>\r\n\r\n                <a href=\"http:\/\/lattes.cnpq.br\/2122430207717510\r\n\" class=\"lattes\">Curr\u00edculo Lattes<\/a>\r\n\r\n            <\/div>\r\n            \r\n        <\/div> \r\n    \r\n    \r\n    \r\n    \r\n    \r\n        \r\n            <div class=\"boxprofessor\">\r\n            <a href=\"#\">\r\n            <div class=\"professor\" id=\"divprof11\" onclick=\"Mudarestado('infoProf11');sinal('seta11');cor('divprof11');\">\r\n                 MATILDE BARACAT                              \r\n \r\n            <span class=\"seta\" id=\"seta11\" >+<\/span>\r\n            <\/div>\r\n            <\/a>\r\n            <div id=\"infoProf11\" class=\"h infoprof \">\r\n                \r\n                Mestre(a)        \r\n                <br><br>\r\n\r\n                <a href=\"http:\/\/lattes.cnpq.br\/3216318475092261\r\n\" class=\"lattes\">Curr\u00edculo Lattes<\/a>\r\n\r\n            <\/div>\r\n            \r\n        <\/div> \r\n    \r\n    \r\n    \r\n    \r\n    \r\n        \r\n            <div class=\"boxprofessor\">\r\n            <a href=\"#\">\r\n            <div class=\"professor\" id=\"divprof12\" onclick=\"Mudarestado('infoProf12');sinal('seta12');cor('divprof12');\">\r\n                 REGINA DE SOUZA ALVES                        \r\n \r\n            <span class=\"seta\" id=\"seta12\" >+<\/span>\r\n            <\/div>\r\n            <\/a>\r\n            <div id=\"infoProf12\" class=\"h infoprof \">\r\n                \r\n                Graduado(a)     \r\n                <br><br>\r\n\r\n                <a href=\"#\r\n\" class=\"lattes\">Curr\u00edculo Lattes<\/a>\r\n\r\n            <\/div>\r\n            \r\n        <\/div> \r\n    \r\n    \r\n    \r\n    \r\n    \r\n        \r\n            <div class=\"boxprofessor\">\r\n            <a href=\"#\">\r\n            <div class=\"professor\" id=\"divprof13\" onclick=\"Mudarestado('infoProf13');sinal('seta13');cor('divprof13');\">\r\n                 SILMARA SANTOS VIEIRA                        \r\n \r\n            <span class=\"seta\" id=\"seta13\" >+<\/span>\r\n            <\/div>\r\n            <\/a>\r\n            <div id=\"infoProf13\" class=\"h infoprof \">\r\n                \r\n                Especialista    \r\n                <br><br>\r\n\r\n                <a href=\"http:\/\/lattes.cnpq.br\/6675600835925761\r\n\" class=\"lattes\">Curr\u00edculo Lattes<\/a>\r\n\r\n            <\/div>\r\n            \r\n        <\/div> \r\n    \r\n    \r\n    \r\n    \r\n    \r\n        \r\n            <div class=\"boxprofessor\">\r\n            <a href=\"#\">\r\n            <div class=\"professor\" id=\"divprof14\" onclick=\"Mudarestado('infoProf14');sinal('seta14');cor('divprof14');\">\r\n                 VANINNA MARCIA SANTOS DA ROCHA               \r\n \r\n            <span class=\"seta\" id=\"seta14\" >+<\/span>\r\n            <\/div>\r\n            <\/a>\r\n            <div id=\"infoProf14\" class=\"h infoprof \">\r\n                \r\n                Especialista    \r\n                <br><br>\r\n\r\n                <a href=\"http:\/\/lattes.cnpq.br\/8104810803926756\" class=\"lattes\">Curr\u00edculo Lattes<\/a>\r\n\r\n            <\/div>\r\n            \r\n        <\/div> \r\n    \r\n    \r\n    \r\n    \r\n    \r\n    <\/span>\r\n<\/div>\r\n\r\n<style>\r\n    .seta{\r\n    float: right;\r\n    font-size: 20px;\r\n    font-weight: bold !important;\r\n    color: #000;\r\n\r\n}\r\n    a {\r\n        box-shadow: none;\r\n  text-decoration: none; \/* no underline *\/\r\n\r\n}\r\n    .h {\r\n        display: none;\r\n\r\n    }\r\n\r\n    .infoprof{\r\n\r\n        padding: 15px;\r\n\r\n    }\r\n\r\n    .boxprofessor {\r\n        margin-bottom: 15px;\r\n        padding: 0px;\r\n        border: solid 1px darkred;\r\n\r\n        text-align: center;\r\n\r\n    }\r\n\r\n    .professor {\r\n        color: #000;\r\n        background-color: #F8F8F8;\r\n        \/*background-color: darkred;*\/\r\n        border-bottom: solid 1px black;\r\n        padding: 5px;\r\n        font-weight: normal;\r\n\r\n    }\r\n    .professorativado {\r\n        color: #ffffff;\r\n        \/*background-color: darkred;*\/\r\n        background-image: linear-gradient(-90deg, red, brown);\r\n        border-bottom: solid 1px black;\r\n        padding: 5px;\r\n\r\n    }\r\n    .centralizartexto{\r\n        text-align: center;\r\n        width: 100%;\r\n    }\r\n    \r\n    .lattes{\r\n        \r\n        padding: 10px;\r\n        color: #fff;\r\n        \r\n        background-color: #454332;\r\n        \r\n    }\r\n    \r\n    .lattes:hover {\r\n        \r\n         color: #fff;\r\n    }\r\n<\/style>\r\n<script>\r\n    function Mudarestado(el) {\r\n        var display = document.getElementById(el).style.display;\r\n        if (display == \"block\")\r\n            document.getElementById(el).style.display = 'none';\r\n        else\r\n            document.getElementById(el).style.display = 'block';\r\n\r\n        event.preventDefault();\r\n\r\n    }\r\n    function sinal(sel) {\r\n        var sdisplay = document.getElementById(sel).innerHTML;\r\n        if (sdisplay == \"+\")\r\n            document.getElementById(sel).innerHTML = '-';\r\n        else\r\n            document.getElementById(sel).innerHTML = '+';\r\n\r\n        event.preventDefault();\r\n\r\n    }\r\n    function cor(divcor) {\r\n        var sdisplay = document.getElementById(divcor).className;\r\n        if (sdisplay == \"professor\")\r\n            document.getElementById(divcor).className = 'professorativado';\r\n        else\r\n            document.getElementById(divcor).className = 'professor';\r\n\r\n        event.preventDefault();\r\n\r\n    }\r\n<\/script>\r\n\t\t\t\t<\/div>\n\t\t\t\t<\/div>\n\t\t\t\t<div class=\"elementor-element elementor-element-81022a7 elementor-align-center exad-sticky-section-no exad-glass-effect-no elementor-widget elementor-widget-button\" data-id=\"81022a7\" data-element_type=\"widget\" data-e-type=\"widget\" data-widget_type=\"button.default\">\n\t\t\t\t<div class=\"elementor-widget-container\">\n\t\t\t\t\t\t\t\t\t<div class=\"elementor-button-wrapper\">\n\t\t\t\t\t<a class=\"elementor-button elementor-button-link elementor-size-sm\" href=\"http:\/\/seune.edu.br\/portalseune\/home\/enfermagem\/\">\n\t\t\t\t\t\t<span class=\"elementor-button-content-wrapper\">\n\t\t\t\t\t\t\t\t\t<span class=\"elementor-button-text\">Voltar<\/span>\n\t\t\t\t\t<\/span>\n\t\t\t\t\t<\/a>\n\t\t\t\t<\/div>\n\t\t\t\t\t\t\t\t<\/div>\n\t\t\t\t<\/div>\n\t\t\t\t\t<\/div>\n\t\t<\/div>\n\t\t\t\t\t<\/div>\n\t\t<\/section>\n\t\t\t\t<\/div>\n\t\t","protected":false},"excerpt":{"rendered":"<p>Corpo Docente ADNEZ REGINA TERTULIANO DA S CASSIMIRO + Graduado(a) Curr\u00edculo Lattes ALINE DE ARAUJO MARQUES + Graduado(a) Curr\u00edculo Lattes BERNARDO LUCENA JR + Graduado(a) Curr\u00edculo Lattes CARLA CARDOSO DE OLIVEIRA BARBOSA + Especialista Curr\u00edculo Lattes ELZA MARCULINO DUARTE + Especialista Curr\u00edculo Lattes FRANCISCO JOILSOM CARVALHO SARAIVA + Especialista Curr\u00edculo Lattes JAMES FARLEY ESTEVAM DOS <a class=\"more-link\" href=\"https:\/\/seune.edu.br\/portalseune\/home\/docentes-enfermagem\/\">&hellip; Continue lendo&hellip; &rarr;<\/a><\/p>\n","protected":false},"author":1,"featured_media":0,"parent":11,"menu_order":0,"comment_status":"closed","ping_status":"closed","template":"elementor_header_footer","meta":{"_acf_changed":false,"footnotes":""},"class_list":["post-1282","page","type-page","status-publish","hentry"],"acf":[],"jetpack_sharing_enabled":true,"_links":{"self":[{"href":"https:\/\/seune.edu.br\/portalseune\/wp-json\/wp\/v2\/pages\/1282","targetHints":{"allow":["GET"]}}],"collection":[{"href":"https:\/\/seune.edu.br\/portalseune\/wp-json\/wp\/v2\/pages"}],"about":[{"href":"https:\/\/seune.edu.br\/portalseune\/wp-json\/wp\/v2\/types\/page"}],"author":[{"embeddable":true,"href":"https:\/\/seune.edu.br\/portalseune\/wp-json\/wp\/v2\/users\/1"}],"replies":[{"embeddable":true,"href":"https:\/\/seune.edu.br\/portalseune\/wp-json\/wp\/v2\/comments?post=1282"}],"version-history":[{"count":4,"href":"https:\/\/seune.edu.br\/portalseune\/wp-json\/wp\/v2\/pages\/1282\/revisions"}],"predecessor-version":[{"id":1286,"href":"https:\/\/seune.edu.br\/portalseune\/wp-json\/wp\/v2\/pages\/1282\/revisions\/1286"}],"up":[{"embeddable":true,"href":"https:\/\/seune.edu.br\/portalseune\/wp-json\/wp\/v2\/pages\/11"}],"wp:attachment":[{"href":"https:\/\/seune.edu.br\/portalseune\/wp-json\/wp\/v2\/media?parent=1282"}],"curies":[{"name":"wp","href":"https:\/\/api.w.org\/{rel}","templated":true}]}}