{"id":462,"date":"2020-01-27T17:06:03","date_gmt":"2020-01-27T20:06:03","guid":{"rendered":"http:\/\/seune.edu.br\/portalseune\/?page_id=462"},"modified":"2026-02-06T21:13:01","modified_gmt":"2026-02-07T00:13:01","slug":"noticias","status":"publish","type":"page","link":"https:\/\/seune.edu.br\/portalseune\/noticias\/","title":{"rendered":"Not\u00edcias"},"content":{"rendered":"\t\t<div data-elementor-type=\"wp-page\" data-elementor-id=\"462\" class=\"elementor elementor-462\">\n\t\t\t\t\t\t<section class=\"elementor-section elementor-top-section elementor-element elementor-element-f0c4554 conteudo-branco elementor-section-boxed elementor-section-height-default elementor-section-height-default exad-glass-effect-no wpr-particle-no wpr-jarallax-no wpr-parallax-no wpr-sticky-section-no exad-sticky-section-no\" data-id=\"f0c4554\" data-element_type=\"section\" data-e-type=\"section\">\n\t\t\t\t\t\t<div class=\"elementor-container elementor-column-gap-default\">\n\t\t\t\t\t<div class=\"elementor-column elementor-col-100 elementor-top-column elementor-element elementor-element-c91bad8 exad-glass-effect-no exad-sticky-section-no\" data-id=\"c91bad8\" data-element_type=\"column\" data-e-type=\"column\">\n\t\t\t<div class=\"elementor-widget-wrap elementor-element-populated\">\n\t\t\t\t\t\t<div class=\"elementor-element elementor-element-51834d2 exad-sticky-section-no exad-glass-effect-no elementor-widget elementor-widget-heading\" data-id=\"51834d2\" data-element_type=\"widget\" data-e-type=\"widget\" data-widget_type=\"heading.default\">\n\t\t\t\t<div class=\"elementor-widget-container\">\n\t\t\t\t\t<h2 class=\"elementor-heading-title elementor-size-default\">Not\u00edcias<\/h2>\t\t\t\t<\/div>\n\t\t\t\t<\/div>\n\t\t\t\t\t<\/div>\n\t\t<\/div>\n\t\t\t\t\t<\/div>\n\t\t<\/section>\n\t\t\t\t<section class=\"elementor-section elementor-top-section elementor-element elementor-element-e6d9045 conteudo-branco elementor-section-boxed elementor-section-height-default elementor-section-height-default exad-glass-effect-no wpr-particle-no wpr-jarallax-no wpr-parallax-no wpr-sticky-section-no exad-sticky-section-no\" data-id=\"e6d9045\" data-element_type=\"section\" data-e-type=\"section\">\n\t\t\t\t\t\t<div class=\"elementor-container elementor-column-gap-default\">\n\t\t\t\t\t<div class=\"elementor-column elementor-col-100 elementor-top-column elementor-element elementor-element-39eb0db exad-glass-effect-no exad-sticky-section-no\" data-id=\"39eb0db\" data-element_type=\"column\" data-e-type=\"column\">\n\t\t\t<div class=\"elementor-widget-wrap elementor-element-populated\">\n\t\t\t\t\t\t<div class=\"elementor-element elementor-element-ff16c22 exad-sticky-section-no exad-glass-effect-no elementor-widget elementor-widget-shortcode\" data-id=\"ff16c22\" data-element_type=\"widget\" data-e-type=\"widget\" data-widget_type=\"shortcode.default\">\n\t\t\t\t<div class=\"elementor-widget-container\">\n\t\t\t\t\t\t\t<div class=\"elementor-shortcode\">\t<div class=\"wpnawfree-plugin news-clearfix \" id=\"wpnw-news-1\">\r\n\r\n\t\t\r\n\t\t\t<div id=\"post-6923\" class=\"news type-news wpnaw-blog-class has-date news-col-list wpnaw-first\">\r\n\t\t\t\t<div class=\"news-inner-wrap-view news-clearfix \">\r\n\r\n\t\t\t\t\t\t\t\t\t\t<div class=\"news-thumb\">\r\n\t\t\t\t\t\t\t\t\t\t\t\t\t<div class=\"grid-news-thumb\">\r\n\t\t\t\t\t\t\t\t<a href=\"https:\/\/seune.edu.br\/portalseune\/news\/jurilab-na-seune\/\"><img fetchpriority=\"high\" decoding=\"async\" width=\"768\" height=\"576\" src=\"https:\/\/seune.edu.br\/portalseune\/wp-content\/uploads\/2026\/04\/90ca71a1-4e81-4c62-9bbf-faf0d32fd09d-768x576.jpg\" class=\"attachment-medium_large size-medium_large wp-post-image\" alt=\"\" srcset=\"https:\/\/seune.edu.br\/portalseune\/wp-content\/uploads\/2026\/04\/90ca71a1-4e81-4c62-9bbf-faf0d32fd09d-768x576.jpg 768w, https:\/\/seune.edu.br\/portalseune\/wp-content\/uploads\/2026\/04\/90ca71a1-4e81-4c62-9bbf-faf0d32fd09d-300x225.jpg 300w, https:\/\/seune.edu.br\/portalseune\/wp-content\/uploads\/2026\/04\/90ca71a1-4e81-4c62-9bbf-faf0d32fd09d-1024x768.jpg 1024w, https:\/\/seune.edu.br\/portalseune\/wp-content\/uploads\/2026\/04\/90ca71a1-4e81-4c62-9bbf-faf0d32fd09d-1536x1152.jpg 1536w, https:\/\/seune.edu.br\/portalseune\/wp-content\/uploads\/2026\/04\/90ca71a1-4e81-4c62-9bbf-faf0d32fd09d.jpg 1600w\" sizes=\"(max-width: 768px) 100vw, 768px\" \/><\/a>\r\n\t\t\t\t\t\t\t<\/div>\r\n\t\t\t\t\t\t\t\t\t\t\t<\/div>\r\n\t\t\t\t\t\r\n\t\t\t\t\t<div class=\"news-content\">\r\n\t\t\t\t\t\t\t\t\t\t\t\t\t<div class=\"grid-date-post\">\r\n\t\t\t\t\t\t\t\t16 de abril de 2026\t\t\t\t\t\t\t<\/div>\r\n\t\t\t\t\t\t\r\n\t\t\t\t\t\t<div class=\"post-content-text\">\r\n\t\t\t\t\t\t\t<h3 class=\"news-title\"><a href=\"https:\/\/seune.edu.br\/portalseune\/news\/jurilab-na-seune\/\" rel=\"bookmark\">JuriLab na Seune<\/a><\/h3>\t\t\t\t\t\t\t\t<div class=\"news-content-excerpt\">\r\n\t\t\t\t\t\t\t\t\t\t\t\t\t\t\t\t\t\t\t<div class=\"news-short-content\">\r\n\t\t\t\t\t\t\t\t\t\t\t\u2696\ufe0f Hoje foi dia de JuriLab na Faculdade SEUNE! Nossos alunos vivenciaram na pr\u00e1tica tudo o que aprendem na teoria,...\t\t\t\t\t\t\t\t\t\t<\/div>\r\n\t\t\t\t\t\t\t\t\t\t<a href=\"https:\/\/seune.edu.br\/portalseune\/news\/jurilab-na-seune\/\" class=\"news-more-link\">Read More<\/a>\r\n\t\t\t\t\t\t\t\t\t\t\t\t\t\t\t\t\t<\/div><!-- .entry-content -->\r\n\t\t\t\t\t\t\t\t\t\t\t\t\t<\/div>\r\n\t\t\t\t\t<\/div>\r\n\t\t\t\t<\/div><!-- #post-## -->\r\n\t\t\t<\/div><!-- #post-## -->\r\n\t\t\r\n\t\t\t<div id=\"post-6887\" class=\"news type-news wpnaw-blog-class has-date news-col-list\">\r\n\t\t\t\t<div class=\"news-inner-wrap-view news-clearfix \">\r\n\r\n\t\t\t\t\t\t\t\t\t\t<div class=\"news-thumb\">\r\n\t\t\t\t\t\t\t\t\t\t\t\t\t<div class=\"grid-news-thumb\">\r\n\t\t\t\t\t\t\t\t<a href=\"https:\/\/seune.edu.br\/portalseune\/news\/colacao-de-grau-administracao-direito-e-ciencias-contabeis-2026-1\/\"><img decoding=\"async\" width=\"768\" height=\"576\" src=\"https:\/\/seune.edu.br\/portalseune\/wp-content\/uploads\/2026\/04\/IMG_4501-768x576.jpeg\" class=\"attachment-medium_large size-medium_large wp-post-image\" alt=\"\" srcset=\"https:\/\/seune.edu.br\/portalseune\/wp-content\/uploads\/2026\/04\/IMG_4501-768x576.jpeg 768w, https:\/\/seune.edu.br\/portalseune\/wp-content\/uploads\/2026\/04\/IMG_4501-300x225.jpeg 300w, https:\/\/seune.edu.br\/portalseune\/wp-content\/uploads\/2026\/04\/IMG_4501-1024x768.jpeg 1024w, https:\/\/seune.edu.br\/portalseune\/wp-content\/uploads\/2026\/04\/IMG_4501-1536x1152.jpeg 1536w, https:\/\/seune.edu.br\/portalseune\/wp-content\/uploads\/2026\/04\/IMG_4501-2048x1536.jpeg 2048w\" sizes=\"(max-width: 768px) 100vw, 768px\" \/><\/a>\r\n\t\t\t\t\t\t\t<\/div>\r\n\t\t\t\t\t\t\t\t\t\t\t<\/div>\r\n\t\t\t\t\t\r\n\t\t\t\t\t<div class=\"news-content\">\r\n\t\t\t\t\t\t\t\t\t\t\t\t\t<div class=\"grid-date-post\">\r\n\t\t\t\t\t\t\t\t15 de abril de 2026\t\t\t\t\t\t\t<\/div>\r\n\t\t\t\t\t\t\r\n\t\t\t\t\t\t<div class=\"post-content-text\">\r\n\t\t\t\t\t\t\t<h3 class=\"news-title\"><a href=\"https:\/\/seune.edu.br\/portalseune\/news\/colacao-de-grau-administracao-direito-e-ciencias-contabeis-2026-1\/\" rel=\"bookmark\">Cola\u00e7\u00e3o de grau Administra\u00e7\u00e3o, Direito e Ci\u00eancias Cont\u00e1beis 2026.1<\/a><\/h3>\t\t\t\t\t\t\t\t<div class=\"news-content-excerpt\">\r\n\t\t\t\t\t\t\t\t\t\t\t\t\t\t\t\t\t\t\t<div class=\"news-short-content\">\r\n\t\t\t\t\t\t\t\t\t\t\tCola\u00e7\u00e3o de grau Administra\u00e7\u00e3o, Direito e Ci\u00eancias Cont\u00e1beis 2026.1\u00a0\u00a0\ud83c\udf93\u2728 Uma noite de celebra\u00e7\u00e3o, emo\u00e7\u00e3o e conquista na Faculdade Seune.Hoje tivemos...\t\t\t\t\t\t\t\t\t\t<\/div>\r\n\t\t\t\t\t\t\t\t\t\t<a href=\"https:\/\/seune.edu.br\/portalseune\/news\/colacao-de-grau-administracao-direito-e-ciencias-contabeis-2026-1\/\" class=\"news-more-link\">Read More<\/a>\r\n\t\t\t\t\t\t\t\t\t\t\t\t\t\t\t\t\t<\/div><!-- .entry-content -->\r\n\t\t\t\t\t\t\t\t\t\t\t\t\t<\/div>\r\n\t\t\t\t\t<\/div>\r\n\t\t\t\t<\/div><!-- #post-## -->\r\n\t\t\t<\/div><!-- #post-## -->\r\n\t\t\r\n\t\t\t<div id=\"post-6864\" class=\"news type-news wpnaw-blog-class has-date news-col-list\">\r\n\t\t\t\t<div class=\"news-inner-wrap-view news-clearfix wpnaw-news-no-image\">\r\n\r\n\t\t\t\t\t\r\n\t\t\t\t\t<div class=\"news-content\">\r\n\t\t\t\t\t\t\t\t\t\t\t\t\t<div class=\"grid-date-post\">\r\n\t\t\t\t\t\t\t\t9 de abril de 2026\t\t\t\t\t\t\t<\/div>\r\n\t\t\t\t\t\t\r\n\t\t\t\t\t\t<div class=\"post-content-text\">\r\n\t\t\t\t\t\t\t<h3 class=\"news-title\"><a href=\"https:\/\/seune.edu.br\/portalseune\/news\/a-receita-federal-realizara-a-palestra-novidades-do-imposto-de-renda-2026\/\" rel=\"bookmark\">A Receita Federal realizar\u00e1 a palestra \u201cNovidades do Imposto de Renda 2026\u201d<\/a><\/h3>\t\t\t\t\t\t\t\t<div class=\"news-content-excerpt\">\r\n\t\t\t\t\t\t\t\t\t\t\t\t\t\t\t\t\t\t\t<div class=\"news-short-content\">\r\n\t\t\t\t\t\t\t\t\t\t\tA Receita Federal realizar\u00e1 a palestra \u201cNovidades do Imposto de Renda 2026\u201dA Receita Federal estar\u00e1 presente na SEUNE para a...\t\t\t\t\t\t\t\t\t\t<\/div>\r\n\t\t\t\t\t\t\t\t\t\t<a href=\"https:\/\/seune.edu.br\/portalseune\/news\/a-receita-federal-realizara-a-palestra-novidades-do-imposto-de-renda-2026\/\" class=\"news-more-link\">Read More<\/a>\r\n\t\t\t\t\t\t\t\t\t\t\t\t\t\t\t\t\t<\/div><!-- .entry-content -->\r\n\t\t\t\t\t\t\t\t\t\t\t\t\t<\/div>\r\n\t\t\t\t\t<\/div>\r\n\t\t\t\t<\/div><!-- #post-## -->\r\n\t\t\t<\/div><!-- #post-## -->\r\n\t\t\r\n\t\t\t<div id=\"post-6828\" class=\"news type-news wpnaw-blog-class has-date news-col-list\">\r\n\t\t\t\t<div class=\"news-inner-wrap-view news-clearfix \">\r\n\r\n\t\t\t\t\t\t\t\t\t\t<div class=\"news-thumb\">\r\n\t\t\t\t\t\t\t\t\t\t\t\t\t<div class=\"grid-news-thumb\">\r\n\t\t\t\t\t\t\t\t<a href=\"https:\/\/seune.edu.br\/portalseune\/news\/estagio-em-direito\/\"><img decoding=\"async\" width=\"768\" height=\"1130\" src=\"https:\/\/seune.edu.br\/portalseune\/wp-content\/uploads\/2026\/03\/estagiodireito-768x1130.jpg\" class=\"attachment-medium_large size-medium_large wp-post-image\" alt=\"\" srcset=\"https:\/\/seune.edu.br\/portalseune\/wp-content\/uploads\/2026\/03\/estagiodireito-768x1130.jpg 768w, https:\/\/seune.edu.br\/portalseune\/wp-content\/uploads\/2026\/03\/estagiodireito-204x300.jpg 204w, https:\/\/seune.edu.br\/portalseune\/wp-content\/uploads\/2026\/03\/estagiodireito-696x1024.jpg 696w, https:\/\/seune.edu.br\/portalseune\/wp-content\/uploads\/2026\/03\/estagiodireito-1044x1536.jpg 1044w, https:\/\/seune.edu.br\/portalseune\/wp-content\/uploads\/2026\/03\/estagiodireito.jpg 1087w\" sizes=\"(max-width: 768px) 100vw, 768px\" \/><\/a>\r\n\t\t\t\t\t\t\t<\/div>\r\n\t\t\t\t\t\t\t\t\t\t\t<\/div>\r\n\t\t\t\t\t\r\n\t\t\t\t\t<div class=\"news-content\">\r\n\t\t\t\t\t\t\t\t\t\t\t\t\t<div class=\"grid-date-post\">\r\n\t\t\t\t\t\t\t\t26 de mar\u00e7o de 2026\t\t\t\t\t\t\t<\/div>\r\n\t\t\t\t\t\t\r\n\t\t\t\t\t\t<div class=\"post-content-text\">\r\n\t\t\t\t\t\t\t<h3 class=\"news-title\"><a href=\"https:\/\/seune.edu.br\/portalseune\/news\/estagio-em-direito\/\" rel=\"bookmark\">Est\u00e1gio em Direito<\/a><\/h3>\t\t\t\t\t\t\t\t<div class=\"news-content-excerpt\">\r\n\t\t\t\t\t\t\t\t\t\t\t\t\t\t\t\t\t\t\t<div class=\"news-short-content\">\r\n\t\t\t\t\t\t\t\t\t\t\t\u00a0Oportunidade no TJAL para alunos SEUNE!Est\u00e3o abertas as inscri\u00e7\u00f5es para o processo seletivo de est\u00e1gio do Tribunal de Justi\u00e7a de...\t\t\t\t\t\t\t\t\t\t<\/div>\r\n\t\t\t\t\t\t\t\t\t\t<a href=\"https:\/\/seune.edu.br\/portalseune\/news\/estagio-em-direito\/\" class=\"news-more-link\">Read More<\/a>\r\n\t\t\t\t\t\t\t\t\t\t\t\t\t\t\t\t\t<\/div><!-- .entry-content -->\r\n\t\t\t\t\t\t\t\t\t\t\t\t\t<\/div>\r\n\t\t\t\t\t<\/div>\r\n\t\t\t\t<\/div><!-- #post-## -->\r\n\t\t\t<\/div><!-- #post-## -->\r\n\t\t\r\n\t\t\t<div id=\"post-6637\" class=\"news type-news wpnaw-blog-class has-date news-col-list\">\r\n\t\t\t\t<div class=\"news-inner-wrap-view news-clearfix wpnaw-news-no-image\">\r\n\r\n\t\t\t\t\t\r\n\t\t\t\t\t<div class=\"news-content\">\r\n\t\t\t\t\t\t\t\t\t\t\t\t\t<div class=\"grid-date-post\">\r\n\t\t\t\t\t\t\t\t12 de fevereiro de 2026\t\t\t\t\t\t\t<\/div>\r\n\t\t\t\t\t\t\r\n\t\t\t\t\t\t<div class=\"post-content-text\">\r\n\t\t\t\t\t\t\t<h3 class=\"news-title\"><a href=\"https:\/\/seune.edu.br\/portalseune\/news\/selecao-para-o-laboratorio-de-pratica-juridica\/\" rel=\"bookmark\">Sele\u00e7\u00e3o para o Laborat\u00f3rio de Pr\u00e1tica Jur\u00eddica<\/a><\/h3>\t\t\t\t\t\t\t\t<div class=\"news-content-excerpt\">\r\n\t\t\t\t\t\t\t\t\t\t\t\t\t\t\t\t\t\t\t<div class=\"news-short-content\">\r\n\t\t\t\t\t\t\t\t\t\t\tSele\u00e7\u00e3o para o Laborat\u00f3rio de Pr\u00e1tica Jur\u00eddica\u00a0\u00a0A Coordena\u00e7\u00e3o do Curso de Direito, no uso de suas atribui\u00e7\u00f5es regimentais, torna p\u00fablica...\t\t\t\t\t\t\t\t\t\t<\/div>\r\n\t\t\t\t\t\t\t\t\t\t<a href=\"https:\/\/seune.edu.br\/portalseune\/news\/selecao-para-o-laboratorio-de-pratica-juridica\/\" class=\"news-more-link\">Read More<\/a>\r\n\t\t\t\t\t\t\t\t\t\t\t\t\t\t\t\t\t<\/div><!-- .entry-content -->\r\n\t\t\t\t\t\t\t\t\t\t\t\t\t<\/div>\r\n\t\t\t\t\t<\/div>\r\n\t\t\t\t<\/div><!-- #post-## -->\r\n\t\t\t<\/div><!-- #post-## -->\r\n\t\t\r\n\t\t\t<div id=\"post-6526\" class=\"news type-news wpnaw-blog-class has-date news-col-list wpnaw-last\">\r\n\t\t\t\t<div class=\"news-inner-wrap-view news-clearfix \">\r\n\r\n\t\t\t\t\t\t\t\t\t\t<div class=\"news-thumb\">\r\n\t\t\t\t\t\t\t\t\t\t\t\t\t<div class=\"grid-news-thumb\">\r\n\t\t\t\t\t\t\t\t<a href=\"https:\/\/seune.edu.br\/portalseune\/news\/colacao-de-grau-seune-2026-1-direito\/\"><img loading=\"lazy\" decoding=\"async\" width=\"768\" height=\"512\" src=\"https:\/\/seune.edu.br\/portalseune\/wp-content\/uploads\/2026\/02\/MG_9937-768x512.jpg\" class=\"attachment-medium_large size-medium_large wp-post-image\" alt=\"\" srcset=\"https:\/\/seune.edu.br\/portalseune\/wp-content\/uploads\/2026\/02\/MG_9937-768x512.jpg 768w, https:\/\/seune.edu.br\/portalseune\/wp-content\/uploads\/2026\/02\/MG_9937-300x200.jpg 300w, https:\/\/seune.edu.br\/portalseune\/wp-content\/uploads\/2026\/02\/MG_9937-1024x683.jpg 1024w, https:\/\/seune.edu.br\/portalseune\/wp-content\/uploads\/2026\/02\/MG_9937-1536x1024.jpg 1536w, https:\/\/seune.edu.br\/portalseune\/wp-content\/uploads\/2026\/02\/MG_9937-2048x1365.jpg 2048w\" sizes=\"(max-width: 768px) 100vw, 768px\" \/><\/a>\r\n\t\t\t\t\t\t\t<\/div>\r\n\t\t\t\t\t\t\t\t\t\t\t<\/div>\r\n\t\t\t\t\t\r\n\t\t\t\t\t<div class=\"news-content\">\r\n\t\t\t\t\t\t\t\t\t\t\t\t\t<div class=\"grid-date-post\">\r\n\t\t\t\t\t\t\t\t9 de fevereiro de 2026\t\t\t\t\t\t\t<\/div>\r\n\t\t\t\t\t\t\r\n\t\t\t\t\t\t<div class=\"post-content-text\">\r\n\t\t\t\t\t\t\t<h3 class=\"news-title\"><a href=\"https:\/\/seune.edu.br\/portalseune\/news\/colacao-de-grau-seune-2026-1-direito\/\" rel=\"bookmark\">Cola\u00e7\u00e3o de Grau SEUNE 2026.1 \u2013 Direito<\/a><\/h3>\t\t\t\t\t\t\t\t<div class=\"news-content-excerpt\">\r\n\t\t\t\t\t\t\t\t\t\t\t\t\t\t\t\t\t\t\t<div class=\"news-short-content\">\r\n\t\t\t\t\t\t\t\t\t\t\tCola\u00e7\u00e3o de Grau SEUNE 2026.1 \u2013 Direito\u00a0SEUNE promove Cola\u00e7\u00e3o de Grau da turma de DireitoA Faculdade SEUNE, em Macei\u00f3, realizou...\t\t\t\t\t\t\t\t\t\t<\/div>\r\n\t\t\t\t\t\t\t\t\t\t<a href=\"https:\/\/seune.edu.br\/portalseune\/news\/colacao-de-grau-seune-2026-1-direito\/\" class=\"news-more-link\">Read More<\/a>\r\n\t\t\t\t\t\t\t\t\t\t\t\t\t\t\t\t\t<\/div><!-- .entry-content -->\r\n\t\t\t\t\t\t\t\t\t\t\t\t\t<\/div>\r\n\t\t\t\t\t<\/div>\r\n\t\t\t\t<\/div><!-- #post-## -->\r\n\t\t\t<\/div><!-- #post-## -->\r\n\t\t\t\t\t<div class=\"news_pagination wpnw-numeric\">\r\n\t\t\t\t<span aria-current=\"page\" class=\"page-numbers current\">1<\/span>\n<a class=\"page-numbers\" href=\"https:\/\/seune.edu.br\/portalseune\/wp-json\/wp\/v2\/pages\/462\/page\/2\/#wpnw-news-1\">2<\/a>\n<a class=\"page-numbers\" href=\"https:\/\/seune.edu.br\/portalseune\/wp-json\/wp\/v2\/pages\/462\/page\/3\/#wpnw-news-1\">3<\/a>\n<span class=\"page-numbers dots\">&hellip;<\/span>\n<a class=\"page-numbers\" href=\"https:\/\/seune.edu.br\/portalseune\/wp-json\/wp\/v2\/pages\/462\/page\/11\/#wpnw-news-1\">11<\/a>\n<a class=\"next page-numbers\" href=\"https:\/\/seune.edu.br\/portalseune\/wp-json\/wp\/v2\/pages\/462\/page\/2\/#wpnw-news-1\">Next &raquo;<\/a>\t\t\t<\/div>\r\n\t\t\t<\/div>\r\n\r\n\t<\/div>\n\t\t\t\t\t\t<\/div>\n\t\t\t\t<\/div>\n\t\t\t\t\t<\/div>\n\t\t<\/div>\n\t\t\t\t\t<\/div>\n\t\t<\/section>\n\t\t\t\t<\/div>\n\t\t","protected":false},"excerpt":{"rendered":"<p>Not\u00edcias<\/p>\n","protected":false},"author":1,"featured_media":0,"parent":0,"menu_order":0,"comment_status":"closed","ping_status":"closed","template":"elementor_header_footer","meta":{"_acf_changed":false,"footnotes":""},"class_list":["post-462","page","type-page","status-publish","hentry"],"acf":[],"jetpack_sharing_enabled":true,"_links":{"self":[{"href":"https:\/\/seune.edu.br\/portalseune\/wp-json\/wp\/v2\/pages\/462","targetHints":{"allow":["GET"]}}],"collection":[{"href":"https:\/\/seune.edu.br\/portalseune\/wp-json\/wp\/v2\/pages"}],"about":[{"href":"https:\/\/seune.edu.br\/portalseune\/wp-json\/wp\/v2\/types\/page"}],"author":[{"embeddable":true,"href":"https:\/\/seune.edu.br\/portalseune\/wp-json\/wp\/v2\/users\/1"}],"replies":[{"embeddable":true,"href":"https:\/\/seune.edu.br\/portalseune\/wp-json\/wp\/v2\/comments?post=462"}],"version-history":[{"count":8,"href":"https:\/\/seune.edu.br\/portalseune\/wp-json\/wp\/v2\/pages\/462\/revisions"}],"predecessor-version":[{"id":6454,"href":"https:\/\/seune.edu.br\/portalseune\/wp-json\/wp\/v2\/pages\/462\/revisions\/6454"}],"wp:attachment":[{"href":"https:\/\/seune.edu.br\/portalseune\/wp-json\/wp\/v2\/media?parent=462"}],"curies":[{"name":"wp","href":"https:\/\/api.w.org\/{rel}","templated":true}]}}