{"id":664,"date":"2020-01-28T22:34:42","date_gmt":"2020-01-29T01:34:42","guid":{"rendered":"http:\/\/seune.edu.br\/portalseune\/?page_id=664"},"modified":"2026-02-06T17:10:31","modified_gmt":"2026-02-06T20:10:31","slug":"pesquisa-e-extensao","status":"publish","type":"page","link":"https:\/\/seune.edu.br\/portalseune\/pesquisa-e-extensao\/","title":{"rendered":"Pesquisa e Extens\u00e3o"},"content":{"rendered":"\t\t<div data-elementor-type=\"wp-page\" data-elementor-id=\"664\" class=\"elementor elementor-664\">\n\t\t\t\t\t\t<section class=\"elementor-section elementor-top-section elementor-element elementor-element-0a6b583 conteudo-branco elementor-section-boxed elementor-section-height-default elementor-section-height-default exad-glass-effect-no wpr-particle-no wpr-jarallax-no wpr-parallax-no wpr-sticky-section-no exad-sticky-section-no\" data-id=\"0a6b583\" data-element_type=\"section\" data-e-type=\"section\">\n\t\t\t\t\t\t<div class=\"elementor-container elementor-column-gap-default\">\n\t\t\t\t\t<div class=\"elementor-column elementor-col-100 elementor-top-column elementor-element elementor-element-bad34f8 exad-glass-effect-no exad-sticky-section-no\" data-id=\"bad34f8\" data-element_type=\"column\" data-e-type=\"column\">\n\t\t\t<div class=\"elementor-widget-wrap elementor-element-populated\">\n\t\t\t\t\t\t<div class=\"elementor-element elementor-element-4d63407 elementor-widget__width-inherit elementor-hidden-tablet elementor-hidden-mobile exad-sticky-section-no exad-glass-effect-no elementor-widget elementor-widget-image\" data-id=\"4d63407\" data-element_type=\"widget\" data-e-type=\"widget\" data-widget_type=\"image.default\">\n\t\t\t\t<div class=\"elementor-widget-container\">\n\t\t\t\t\t\t\t\t\t\t\t\t\t\t\t<img fetchpriority=\"high\" decoding=\"async\" width=\"1024\" height=\"341\" src=\"https:\/\/seune.edu.br\/portalseune\/wp-content\/uploads\/2026\/02\/Quarto-Esboco-de-Banner-1024x341-1.png\" class=\"attachment-1536x1536 size-1536x1536 wp-image-6297\" alt=\"\" srcset=\"https:\/\/seune.edu.br\/portalseune\/wp-content\/uploads\/2026\/02\/Quarto-Esboco-de-Banner-1024x341-1.png 1024w, https:\/\/seune.edu.br\/portalseune\/wp-content\/uploads\/2026\/02\/Quarto-Esboco-de-Banner-1024x341-1-300x100.png 300w, https:\/\/seune.edu.br\/portalseune\/wp-content\/uploads\/2026\/02\/Quarto-Esboco-de-Banner-1024x341-1-768x256.png 768w\" sizes=\"(max-width: 1024px) 100vw, 1024px\" \/>\t\t\t\t\t\t\t\t\t\t\t\t\t\t\t<\/div>\n\t\t\t\t<\/div>\n\t\t\t\t<div class=\"elementor-element elementor-element-bbd4341 exad-sticky-section-no exad-glass-effect-no elementor-widget elementor-widget-heading\" data-id=\"bbd4341\" data-element_type=\"widget\" data-e-type=\"widget\" data-widget_type=\"heading.default\">\n\t\t\t\t<div class=\"elementor-widget-container\">\n\t\t\t\t\t<h2 class=\"elementor-heading-title elementor-size-default\">Sobre<\/h2>\t\t\t\t<\/div>\n\t\t\t\t<\/div>\n\t\t\t\t<section class=\"elementor-section elementor-inner-section elementor-element elementor-element-955b7d9 elementor-section-boxed elementor-section-height-default elementor-section-height-default exad-glass-effect-no wpr-particle-no wpr-jarallax-no wpr-parallax-no wpr-sticky-section-no exad-sticky-section-no\" data-id=\"955b7d9\" data-element_type=\"section\" data-e-type=\"section\">\n\t\t\t\t\t\t<div class=\"elementor-container elementor-column-gap-default\">\n\t\t\t\t\t<div class=\"elementor-column elementor-col-50 elementor-inner-column elementor-element elementor-element-75c1e36 exad-glass-effect-no exad-sticky-section-no\" data-id=\"75c1e36\" data-element_type=\"column\" data-e-type=\"column\">\n\t\t\t<div class=\"elementor-widget-wrap elementor-element-populated\">\n\t\t\t\t\t\t<div class=\"elementor-element elementor-element-eba7bdc exad-sticky-section-no exad-glass-effect-no elementor-widget elementor-widget-text-editor\" data-id=\"eba7bdc\" data-element_type=\"widget\" data-e-type=\"widget\" data-widget_type=\"text-editor.default\">\n\t\t\t\t<div class=\"elementor-widget-container\">\n\t\t\t\t\t\t\t\t\t<p>A Coordena\u00e7\u00e3o de Pesquisa e Extens\u00e3o \u00e9 a coordena\u00e7\u00e3o respons\u00e1vel por trabalhar em conjunto com a dire\u00e7\u00e3o e as coordena\u00e7\u00f5es dos cursos, de pr\u00e1ticas e est\u00e1gios no planejamento e articula\u00e7\u00e3o das atividades de pesquisa e extens\u00e3o da Faculdade, al\u00e9m de ser respons\u00e1vel pelo processo de mobilidade acad\u00eamica e internacionaliza\u00e7\u00e3o da Seune.<\/p>\t\t\t\t\t\t\t\t<\/div>\n\t\t\t\t<\/div>\n\t\t\t\t\t<\/div>\n\t\t<\/div>\n\t\t\t\t<div class=\"elementor-column elementor-col-50 elementor-inner-column elementor-element elementor-element-7b432f3 exad-glass-effect-no exad-sticky-section-no\" data-id=\"7b432f3\" data-element_type=\"column\" data-e-type=\"column\">\n\t\t\t<div class=\"elementor-widget-wrap elementor-element-populated\">\n\t\t\t\t\t\t<div class=\"elementor-element elementor-element-aa56592 exad-sticky-section-no exad-glass-effect-no elementor-widget elementor-widget-image\" data-id=\"aa56592\" data-element_type=\"widget\" data-e-type=\"widget\" data-widget_type=\"image.default\">\n\t\t\t\t<div class=\"elementor-widget-container\">\n\t\t\t\t\t\t\t\t\t\t\t\t\t\t\t<img decoding=\"async\" width=\"300\" height=\"164\" src=\"https:\/\/seune.edu.br\/portalseune\/wp-content\/uploads\/2020\/01\/analisando_dados_650x500-806x440-1-300x164.jpg\" class=\"attachment-medium size-medium wp-image-678\" alt=\"\" srcset=\"https:\/\/seune.edu.br\/portalseune\/wp-content\/uploads\/2020\/01\/analisando_dados_650x500-806x440-1-300x164.jpg 300w, https:\/\/seune.edu.br\/portalseune\/wp-content\/uploads\/2020\/01\/analisando_dados_650x500-806x440-1-768x419.jpg 768w, https:\/\/seune.edu.br\/portalseune\/wp-content\/uploads\/2020\/01\/analisando_dados_650x500-806x440-1.jpg 806w\" sizes=\"(max-width: 300px) 100vw, 300px\" \/>\t\t\t\t\t\t\t\t\t\t\t\t\t\t\t<\/div>\n\t\t\t\t<\/div>\n\t\t\t\t\t<\/div>\n\t\t<\/div>\n\t\t\t\t\t<\/div>\n\t\t<\/section>\n\t\t\t\t<div class=\"elementor-element elementor-element-ab93a83 exad-sticky-section-no exad-glass-effect-no elementor-widget elementor-widget-text-editor\" data-id=\"ab93a83\" data-element_type=\"widget\" data-e-type=\"widget\" data-widget_type=\"text-editor.default\">\n\t\t\t\t<div class=\"elementor-widget-container\">\n\t\t\t\t\t\t\t\t\t<h5><strong><span style=\"font-family: 'Droid Sans', sans-serif;\">Objetivo:<\/span><\/strong><\/h5><ul><li>Trabalhar em articula\u00e7\u00e3o com as Coordena\u00e7\u00f5es de Cursos e de\u00a0Pr\u00e1ticas e Est\u00e1gios de modo a promover, sempre que poss\u00edvel, a\u00a0articula\u00e7\u00e3o entre ensino, pesquisa e extens\u00e3o;<\/li><\/ul>\t\t\t\t\t\t\t\t<\/div>\n\t\t\t\t<\/div>\n\t\t\t\t<div class=\"elementor-element elementor-element-387e26b exad-sticky-section-no exad-glass-effect-no elementor-widget elementor-widget-text-editor\" data-id=\"387e26b\" data-element_type=\"widget\" data-e-type=\"widget\" data-widget_type=\"text-editor.default\">\n\t\t\t\t<div class=\"elementor-widget-container\">\n\t\t\t\t\t\t\t\t\t<h6><strong>As principais atividades desenvolvidas pela coordena\u00e7\u00e3o de pesquisa e extens\u00e3o:<\/strong><\/h6><p>&#8211; Proposi\u00e7\u00e3o e coordena\u00e7\u00e3o de projetos e atividades de inicia\u00e7\u00e3o cient\u00edfica (PIBIC), incentivando os professores a apresentar e implantar os projetos de pesquisa e incentivando os alunos a participar dos projetos propostos pelos professores. Os projetos de inicia\u00e7\u00e3o cient\u00edfica sempre s\u00e3o iniciados em agosto de um ano e s\u00e3o finalizados em julho do ano seguinte;<\/p><p>&#8211; Proposi\u00e7\u00e3o e coordena\u00e7\u00e3o de atividades de monitoria\u00a0junto aos cursos da Seune. As atividades de monitoria s\u00e3o sempre iniciadas em mar\u00e7o e finalizadas em dezembro de cada ano;<\/p><p>&#8211; Proposi\u00e7\u00e3o e coordena\u00e7\u00e3o de grupos de estudos, de iniciativa dos alunos, sobre quaisquer disciplinas relacionadas ao seu respectivo curso. Os grupos de estudos duram o per\u00edodo de um semestre.<\/p><p>&#8211; Organiza\u00e7\u00e3o e acompanhamento das atividades de desenvolvimento, entrega e apresenta\u00e7\u00e3o dos trabalhos de conclus\u00e3o de curso (TCC) do curso de Direito.<\/p><p>&#8211; Organiza\u00e7\u00e3o, acompanhamento, avalia\u00e7\u00e3o e contagem das horas complementares do curso de Direito.<\/p><p>&#8211; Organiza\u00e7\u00e3o do Encontro de Inicia\u00e7\u00e3o Cient\u00edfica e Simp\u00f3sio de Pesquisa Docente (ENICS), a cada ano, sempre no segundo semestre, para apresentar os resultados parciais e finais das pesquisas de inicia\u00e7\u00e3o cient\u00edfica e dos trabalhos dos docentes da Seune, sempre contando com avalia\u00e7\u00e3o externa de representante do CNPq.<\/p><p>&#8211;\u00a0\u00a0Organiza\u00e7\u00e3o e incentivo \u00e0 publica\u00e7\u00e3o envolvendo docentes, discentes e\u00a0membros da sociedade em nossa revista eletr\u00f4nica Olhares Plurais.\u00a0<\/p><p>&#8211; Organiza\u00e7\u00e3o e realiza\u00e7\u00e3o de atividades ligadas ao processo de internacionaliza\u00e7\u00e3o e de mobilidade acad\u00eamica junto a institui\u00e7\u00f5es de ensino superior estrangeiras, por meio de nossa assessoria de rela\u00e7\u00f5es internacionais.<\/p><p>&#8211; Coordena\u00e7\u00e3o das atividades a n\u00edvel de p\u00f3s-gradua\u00e7\u00e3o junto \u00e0s coordena\u00e7\u00f5es dos cursos de gradua\u00e7\u00e3o da Seune.<\/p><p>&#8211; Incentivo a eventos e quaisquer outras atividades ligadas \u00e0\u00a0Pesquisa e \u00e0 Extens\u00e3o.<\/p><p>\u00a0<\/p>\t\t\t\t\t\t\t\t<\/div>\n\t\t\t\t<\/div>\n\t\t\t\t\t<\/div>\n\t\t<\/div>\n\t\t\t\t\t<\/div>\n\t\t<\/section>\n\t\t\t\t<section class=\"elementor-section elementor-top-section elementor-element elementor-element-fa60c12 conteudo-branco elementor-section-boxed elementor-section-height-default elementor-section-height-default exad-glass-effect-no wpr-particle-no wpr-jarallax-no wpr-parallax-no wpr-sticky-section-no exad-sticky-section-no\" data-id=\"fa60c12\" data-element_type=\"section\" data-e-type=\"section\">\n\t\t\t\t\t\t<div class=\"elementor-container elementor-column-gap-default\">\n\t\t\t\t\t<div class=\"elementor-column elementor-col-100 elementor-top-column elementor-element elementor-element-0a4cea7 exad-glass-effect-no exad-sticky-section-no\" data-id=\"0a4cea7\" data-element_type=\"column\" data-e-type=\"column\">\n\t\t\t<div class=\"elementor-widget-wrap elementor-element-populated\">\n\t\t\t\t\t\t<div class=\"elementor-element elementor-element-1c13931 exad-sticky-section-no exad-glass-effect-no elementor-widget elementor-widget-heading\" data-id=\"1c13931\" data-element_type=\"widget\" data-e-type=\"widget\" data-widget_type=\"heading.default\">\n\t\t\t\t<div class=\"elementor-widget-container\">\n\t\t\t\t\t<h2 class=\"elementor-heading-title elementor-size-default\">Contatos\/Atendimento<\/h2>\t\t\t\t<\/div>\n\t\t\t\t<\/div>\n\t\t\t\t<div class=\"elementor-element elementor-element-2f05a24 exad-sticky-section-no exad-glass-effect-no elementor-widget elementor-widget-text-editor\" data-id=\"2f05a24\" data-element_type=\"widget\" data-e-type=\"widget\" data-widget_type=\"text-editor.default\">\n\t\t\t\t<div class=\"elementor-widget-container\">\n\t\t\t\t\t\t\t\t\t<div><ul><li>Fone: (82) 99922-7443<\/li><\/ul><div>\u00a0<\/div><div>\u00a0<\/div><\/div>\t\t\t\t\t\t\t\t<\/div>\n\t\t\t\t<\/div>\n\t\t\t\t\t<\/div>\n\t\t<\/div>\n\t\t\t\t\t<\/div>\n\t\t<\/section>\n\t\t\t\t<section class=\"elementor-section elementor-top-section elementor-element elementor-element-2cf9f44 conteudo-branco elementor-section-boxed elementor-section-height-default elementor-section-height-default exad-glass-effect-no wpr-particle-no wpr-jarallax-no wpr-parallax-no wpr-sticky-section-no exad-sticky-section-no\" data-id=\"2cf9f44\" data-element_type=\"section\" data-e-type=\"section\">\n\t\t\t\t\t\t<div class=\"elementor-container elementor-column-gap-default\">\n\t\t\t\t\t<div class=\"elementor-column elementor-col-100 elementor-top-column elementor-element elementor-element-5f36858 exad-glass-effect-no exad-sticky-section-no\" data-id=\"5f36858\" data-element_type=\"column\" data-e-type=\"column\">\n\t\t\t<div class=\"elementor-widget-wrap elementor-element-populated\">\n\t\t\t\t\t\t<div class=\"elementor-element elementor-element-79674cd exad-sticky-section-no exad-glass-effect-no elementor-widget elementor-widget-menu-anchor\" data-id=\"79674cd\" data-element_type=\"widget\" data-e-type=\"widget\" data-widget_type=\"menu-anchor.default\">\n\t\t\t\t<div class=\"elementor-widget-container\">\n\t\t\t\t\t\t\t<div class=\"elementor-menu-anchor\" id=\"documentos\"><\/div>\n\t\t\t\t\t\t<\/div>\n\t\t\t\t<\/div>\n\t\t\t\t<div class=\"elementor-element elementor-element-cb91066 exad-sticky-section-no exad-glass-effect-no elementor-widget elementor-widget-heading\" data-id=\"cb91066\" data-element_type=\"widget\" data-e-type=\"widget\" data-widget_type=\"heading.default\">\n\t\t\t\t<div class=\"elementor-widget-container\">\n\t\t\t\t\t<h2 class=\"elementor-heading-title elementor-size-default\">Documentos<\/h2>\t\t\t\t<\/div>\n\t\t\t\t<\/div>\n\t\t\t\t\t<\/div>\n\t\t<\/div>\n\t\t\t\t\t<\/div>\n\t\t<\/section>\n\t\t\t\t<section class=\"elementor-section elementor-top-section elementor-element elementor-element-ac49d4b conteudo-branco elementor-section-boxed elementor-section-height-default elementor-section-height-default exad-glass-effect-no wpr-particle-no wpr-jarallax-no wpr-parallax-no wpr-sticky-section-no exad-sticky-section-no\" data-id=\"ac49d4b\" data-element_type=\"section\" data-e-type=\"section\">\n\t\t\t\t\t\t<div class=\"elementor-container elementor-column-gap-default\">\n\t\t\t\t\t<div class=\"elementor-column elementor-col-100 elementor-top-column elementor-element elementor-element-f455570 exad-glass-effect-no exad-sticky-section-no\" data-id=\"f455570\" data-element_type=\"column\" data-e-type=\"column\">\n\t\t\t<div class=\"elementor-widget-wrap elementor-element-populated\">\n\t\t\t\t\t\t<div class=\"elementor-element elementor-element-7380316 exad-sticky-section-no exad-glass-effect-no elementor-widget elementor-widget-heading\" data-id=\"7380316\" data-element_type=\"widget\" data-e-type=\"widget\" data-widget_type=\"heading.default\">\n\t\t\t\t<div class=\"elementor-widget-container\">\n\t\t\t\t\t<h5 class=\"elementor-heading-title elementor-size-default\">Arquivos<\/h5>\t\t\t\t<\/div>\n\t\t\t\t<\/div>\n\t\t\t\t\t<\/div>\n\t\t<\/div>\n\t\t\t\t\t<\/div>\n\t\t<\/section>\n\t\t\t\t<section class=\"elementor-section elementor-top-section elementor-element elementor-element-7f93484 conteudo-branco elementor-section-boxed elementor-section-height-default elementor-section-height-default exad-glass-effect-no wpr-particle-no wpr-jarallax-no wpr-parallax-no wpr-sticky-section-no exad-sticky-section-no\" data-id=\"7f93484\" data-element_type=\"section\" data-e-type=\"section\">\n\t\t\t\t\t\t<div class=\"elementor-container elementor-column-gap-default\">\n\t\t\t\t\t<div class=\"elementor-column elementor-col-100 elementor-top-column elementor-element elementor-element-be7ada6 exad-glass-effect-no exad-sticky-section-no\" data-id=\"be7ada6\" data-element_type=\"column\" data-e-type=\"column\">\n\t\t\t<div class=\"elementor-widget-wrap elementor-element-populated\">\n\t\t\t\t\t\t<div class=\"elementor-element elementor-element-2f911fd exad-sticky-section-no exad-glass-effect-no elementor-widget elementor-widget-html\" data-id=\"2f911fd\" data-element_type=\"widget\" data-e-type=\"widget\" data-widget_type=\"html.default\">\n\t\t\t\t<div class=\"elementor-widget-container\">\n\t\t\t\t\t<!-- Modelo\n\n    <li>\n        <a class=\"iconed\" href=\"\"> texto\n        <\/a>\n    <\/li>  \n\n-->\n\n\n\n<ul class=\"listad\" >\n    <li>\n        <a class=\"iconed\" href=\"https:\/\/seune.edu.br\/portalseune\/wp-content\/uploads\/2022\/08\/1_MANUAL-DO-TRABALHO-DE-CURSO-2022.pdf\"> MANUAL DO TRABALHO DE CURSO 2022\n        <\/a>\n    <\/li>  \n    \n     <li>\n        <a class=\"iconed\" href=\"https:\/\/seune.edu.br\/portalseune\/wp-content\/uploads\/2025\/11\/Termo-de-Orientacao-do-Trabalho-de-Curso.-Atualizado.docx\"> Termo de Orienta\u00e7\u00e3o\n        <\/a>\n    <\/li>   \n    <li>\n        <a class=\"iconed\" href=\"https:\/\/seune.edu.br\/portalseune\/wp-content\/uploads\/2022\/08\/AVISO-TCC.pdf\"> Informa\u00e7\u00f5es sobre o Trabalho de Curso - 2022.2\n        <\/a>\n    <\/li>\n    \n    <li>\n        <a class=\"iconed\" href=\"https:\/\/seune.edu.br\/portalseune\/wp-content\/uploads\/2022\/09\/Modelo-Monografia-Capa.pdf\"> Modelo Monografia (.pdf)\n        <\/a>\n    <\/li>\n    \n      <li>\n        <a class=\"iconed\" href=\"https:\/\/seune.edu.br\/portalseune\/wp-content\/uploads\/2022\/09\/Modelo-Monografia-Capa.doc\"> Modelo Monografia (.doc)\n        <\/a>\n    <\/li>\n    \n     <li>\n        <a class=\"iconed\" href=\"https:\/\/seune.edu.br\/portalseune\/wp-content\/uploads\/2025\/11\/Controle-das-Atividades-Complementares.-Atualizado.docx\"> Controle das Atividades Complementares (.doc)\n        <\/a>\n    <\/li>\n    \n        <li>\n        <a class=\"iconed\" href=\"https:\/\/seune.edu.br\/portalseune\/wp-content\/uploads\/2025\/11\/Ata-de-Avaliacao.-Atualizado.docx\"> Ata de Avalia\u00e7\u00e3o(.docx)\n        <\/a>\n    <\/li>\n<\/ul>\n \n  \n <style>\n \n .listad{\n     \n     \n }\n \n \n .listad li {\n    padding-bottom: 10px; \n    font-family: Arial\n     \n     \n }\n \n.iconed{\npadding-left: 31px;\n    background: url('http:\/\/seune.edu.br\/portalseune\/wp-content\/uploads\/2020\/01\/iconD.jpg') no-repeat left center ;\n    background-size: 25px 25px;\n    text-decoration: none;\n    \n    Color:black;\n    \n    \n}\n\n.iconed:hover {\n    color: red;\n    \n    \n}\n<\/style>\n\t\t\t\t<\/div>\n\t\t\t\t<\/div>\n\t\t\t\t\t<\/div>\n\t\t<\/div>\n\t\t\t\t\t<\/div>\n\t\t<\/section>\n\t\t\t\t<\/div>\n\t\t","protected":false},"excerpt":{"rendered":"<p>Sobre A Coordena\u00e7\u00e3o de Pesquisa e Extens\u00e3o \u00e9 a coordena\u00e7\u00e3o respons\u00e1vel por trabalhar em conjunto com a dire\u00e7\u00e3o e as coordena\u00e7\u00f5es dos cursos, de pr\u00e1ticas e est\u00e1gios no planejamento e articula\u00e7\u00e3o das atividades de pesquisa e extens\u00e3o da Faculdade, al\u00e9m de ser respons\u00e1vel pelo processo de mobilidade acad\u00eamica e internacionaliza\u00e7\u00e3o da Seune. Objetivo: Trabalhar em <a class=\"more-link\" href=\"https:\/\/seune.edu.br\/portalseune\/pesquisa-e-extensao\/\">&hellip; Continue lendo&hellip; &rarr;<\/a><\/p>\n","protected":false},"author":1,"featured_media":0,"parent":0,"menu_order":0,"comment_status":"closed","ping_status":"closed","template":"elementor_header_footer","meta":{"_acf_changed":false,"footnotes":""},"class_list":["post-664","page","type-page","status-publish","hentry"],"acf":[],"jetpack_sharing_enabled":true,"_links":{"self":[{"href":"https:\/\/seune.edu.br\/portalseune\/wp-json\/wp\/v2\/pages\/664","targetHints":{"allow":["GET"]}}],"collection":[{"href":"https:\/\/seune.edu.br\/portalseune\/wp-json\/wp\/v2\/pages"}],"about":[{"href":"https:\/\/seune.edu.br\/portalseune\/wp-json\/wp\/v2\/types\/page"}],"author":[{"embeddable":true,"href":"https:\/\/seune.edu.br\/portalseune\/wp-json\/wp\/v2\/users\/1"}],"replies":[{"embeddable":true,"href":"https:\/\/seune.edu.br\/portalseune\/wp-json\/wp\/v2\/comments?post=664"}],"version-history":[{"count":70,"href":"https:\/\/seune.edu.br\/portalseune\/wp-json\/wp\/v2\/pages\/664\/revisions"}],"predecessor-version":[{"id":6358,"href":"https:\/\/seune.edu.br\/portalseune\/wp-json\/wp\/v2\/pages\/664\/revisions\/6358"}],"wp:attachment":[{"href":"https:\/\/seune.edu.br\/portalseune\/wp-json\/wp\/v2\/media?parent=664"}],"curies":[{"name":"wp","href":"https:\/\/api.w.org\/{rel}","templated":true}]}}