{"id":734,"date":"2020-01-29T13:46:21","date_gmt":"2020-01-29T16:46:21","guid":{"rendered":"http:\/\/seune.edu.br\/portalseune\/?page_id=734"},"modified":"2026-02-06T17:17:46","modified_gmt":"2026-02-06T20:17:46","slug":"nap","status":"publish","type":"page","link":"https:\/\/seune.edu.br\/portalseune\/nap\/","title":{"rendered":"NAP"},"content":{"rendered":"\t\t<div data-elementor-type=\"wp-page\" data-elementor-id=\"734\" class=\"elementor elementor-734\">\n\t\t\t\t\t\t<section class=\"elementor-section elementor-top-section elementor-element elementor-element-c822f2d conteudo-branco elementor-section-boxed elementor-section-height-default elementor-section-height-default exad-glass-effect-no wpr-particle-no wpr-jarallax-no wpr-parallax-no wpr-sticky-section-no exad-sticky-section-no\" data-id=\"c822f2d\" data-element_type=\"section\" data-e-type=\"section\">\n\t\t\t\t\t\t<div class=\"elementor-container elementor-column-gap-default\">\n\t\t\t\t\t<div class=\"elementor-column elementor-col-100 elementor-top-column elementor-element elementor-element-49dc0d27 exad-glass-effect-no exad-sticky-section-no\" data-id=\"49dc0d27\" data-element_type=\"column\" data-e-type=\"column\">\n\t\t\t<div class=\"elementor-widget-wrap elementor-element-populated\">\n\t\t\t\t\t\t<div class=\"elementor-element elementor-element-4a280f40 elementor-hidden-phone exad-sticky-section-no exad-glass-effect-no elementor-widget elementor-widget-image\" data-id=\"4a280f40\" data-element_type=\"widget\" data-e-type=\"widget\" data-widget_type=\"image.default\">\n\t\t\t\t<div class=\"elementor-widget-container\">\n\t\t\t\t\t\t\t\t\t\t\t\t\t\t\t<img fetchpriority=\"high\" decoding=\"async\" width=\"1140\" height=\"200\" src=\"https:\/\/seune.edu.br\/portalseune\/wp-content\/uploads\/2020\/01\/otNAp-padrao1-1140x200-2.jpg\" class=\"attachment-full size-full wp-image-738\" alt=\"\" srcset=\"https:\/\/seune.edu.br\/portalseune\/wp-content\/uploads\/2020\/01\/otNAp-padrao1-1140x200-2.jpg 1140w, https:\/\/seune.edu.br\/portalseune\/wp-content\/uploads\/2020\/01\/otNAp-padrao1-1140x200-2-300x53.jpg 300w, https:\/\/seune.edu.br\/portalseune\/wp-content\/uploads\/2020\/01\/otNAp-padrao1-1140x200-2-1024x180.jpg 1024w, https:\/\/seune.edu.br\/portalseune\/wp-content\/uploads\/2020\/01\/otNAp-padrao1-1140x200-2-768x135.jpg 768w\" sizes=\"(max-width: 1140px) 100vw, 1140px\" \/>\t\t\t\t\t\t\t\t\t\t\t\t\t\t\t<\/div>\n\t\t\t\t<\/div>\n\t\t\t\t<div class=\"elementor-element elementor-element-e636dc8 exad-sticky-section-no exad-glass-effect-no elementor-widget elementor-widget-html\" data-id=\"e636dc8\" data-element_type=\"widget\" data-e-type=\"widget\" data-widget_type=\"html.default\">\n\t\t\t\t<div class=\"elementor-widget-container\">\n\t\t\t\t\t \n<style>\n    #elementor-menu-toggle {\n\n    width: 100% !important;\n   font-size: 1em;\n   margin: 0;\n}\n .testeclass a:hover {\n     transition: 0.4s;\n       text-decoration: underline;\n     \n }\n\n\n\n\n\n\/* Underline Reveal *\/\n.hvr-underline-reveal a {\n  display: inline-block;\n  vertical-align: middle;\n  -webkit-transform: perspective(1px) translateZ(0);\n  transform: perspective(1px) translateZ(0);\n  box-shadow: 0 0 1px rgba(0, 0, 0, 0);\n  position: relative;\n  overflow: hidden;\n   -webkit-transition-property: color ;\n  transition-property: color !important;\n}\n.hvr-underline-reveal a:before {\n  content: \"\";\n  position: absolute;\n  z-index: -1;\n  left: 0;\n  right: 0;\n  bottom: 0;\n  background: #c20c0c;\n  height: 4px;\n  -webkit-transform: translateY(4px);\n  transform: translateY(4px);\n  -webkit-transition-property: transform;\n  transition-property: transform;\n  -webkit-transition-duration: 0.3s;\n  transition-duration: 0.3s;\n  -webkit-transition-timing-function: ease-out;\n  transition-timing-function: ease-out;\n}\n\n\n.hvr-underline-reveal a:hover:before, .hvr-underline-reveal a:focus:before, .hvr-underline-reveal a:active:before {\n  -webkit-transform: translateY(0);\n  transform: translateY(0);\n}\n\n\n\/* Bounce To Bottom \n\n.hvr-bounce-to-bottom a {\n   \n  display: inline-block !important;\n  vertical-align: middle !important;\n  -webkit-transform: perspective(1px) translateZ(0) !important;\n  transform: perspective(1px) translateZ(0);\n  box-shadow: 0 0 1px rgba(0, 0, 0, 0);\n  position: relative;\n  -webkit-transition-property: color ;\n  transition-property: color !important;\n  -webkit-transition-duration: 0.5s !important;\n  transition-duration: 0.5s !important ;\n}\n.hvr-bounce-to-bottom a:before  {\n  content: \"\" !important;\n  position: absolute !important;\n  z-index: -1 !important;\n  top: 0 !important;\n  left: 0 !important;\n  right: 0 !important;\n  bottom: 0 !important;\n  background: #ffffff !important;\n  border-bottom: solid 1px black;\n  -webkit-transform: scaleY(0) !important;\n  transform: scaleY(0) !important;\n  -webkit-transform-origin: 50% 0 !important;\n  transform-origin: 50% 0 !important;\n  -webkit-transition-property: transform !important;\n  transition-property: transform;\n  -webkit-transition-duration: 0.5s !important;\n  transition-duration: 0.5s !important;\n  -webkit-transition-timing-function: ease-out !important;\n  transition-timing-function: ease-out !important;\n}\n.hvr-bounce-to-bottom a:hover, .hvr-bounce-to-bottom a:focus, .hvr-bounce-to-bottom a:active {\n  color: black !important;\n}\n.hvr-bounce-to-bottom a:hover:before, .hvr-bounce-to-bottom a:focus:before, .hvr-bounce-to-bottom a:active:before {\n  -webkit-transform: scaleY(1) !important;\n  transform: scaleY(1) !important;\n  -webkit-transition-timing-function: cubic-bezier(0.52, 1.64, 0.37, 0.66) !important;\n  transition-timing-function: cubic-bezier(0.52, 1.64, 0.37, 0.66) !important;\n}\n\n*\/\n\n<\/style>\n    \t\t\t\t<\/div>\n\t\t\t\t<\/div>\n\t\t\t\t\t<\/div>\n\t\t<\/div>\n\t\t\t\t\t<\/div>\n\t\t<\/section>\n\t\t\t\t<section class=\"elementor-section elementor-top-section elementor-element elementor-element-0a6b583 conteudo-branco elementor-section-boxed elementor-section-height-default elementor-section-height-default exad-glass-effect-no wpr-particle-no wpr-jarallax-no wpr-parallax-no wpr-sticky-section-no exad-sticky-section-no\" data-id=\"0a6b583\" data-element_type=\"section\" data-e-type=\"section\">\n\t\t\t\t\t\t<div class=\"elementor-container elementor-column-gap-default\">\n\t\t\t\t\t<div class=\"elementor-column elementor-col-100 elementor-top-column elementor-element elementor-element-bad34f8 exad-glass-effect-no exad-sticky-section-no\" data-id=\"bad34f8\" data-element_type=\"column\" data-e-type=\"column\">\n\t\t\t<div class=\"elementor-widget-wrap elementor-element-populated\">\n\t\t\t\t\t\t<div class=\"elementor-element elementor-element-bbd4341 exad-sticky-section-no exad-glass-effect-no elementor-widget elementor-widget-heading\" data-id=\"bbd4341\" data-element_type=\"widget\" data-e-type=\"widget\" data-widget_type=\"heading.default\">\n\t\t\t\t<div class=\"elementor-widget-container\">\n\t\t\t\t\t<h2 class=\"elementor-heading-title elementor-size-default\">Sobre<\/h2>\t\t\t\t<\/div>\n\t\t\t\t<\/div>\n\t\t\t\t<section class=\"elementor-section elementor-inner-section elementor-element elementor-element-955b7d9 elementor-section-boxed elementor-section-height-default elementor-section-height-default exad-glass-effect-no wpr-particle-no wpr-jarallax-no wpr-parallax-no wpr-sticky-section-no exad-sticky-section-no\" data-id=\"955b7d9\" data-element_type=\"section\" data-e-type=\"section\">\n\t\t\t\t\t\t<div class=\"elementor-container elementor-column-gap-default\">\n\t\t\t\t\t<div class=\"elementor-column elementor-col-100 elementor-inner-column elementor-element elementor-element-75c1e36 exad-glass-effect-no exad-sticky-section-no\" data-id=\"75c1e36\" data-element_type=\"column\" data-e-type=\"column\">\n\t\t\t<div class=\"elementor-widget-wrap elementor-element-populated\">\n\t\t\t\t\t\t<div class=\"elementor-element elementor-element-eba7bdc justificartexto exad-sticky-section-no exad-glass-effect-no elementor-widget elementor-widget-text-editor\" data-id=\"eba7bdc\" data-element_type=\"widget\" data-e-type=\"widget\" data-widget_type=\"text-editor.default\">\n\t\t\t\t<div class=\"elementor-widget-container\">\n\t\t\t\t\t\t\t\t\t<p>Desde 2008, funciona na <strong>SEUNE<\/strong>, um <strong>N\u00facleo de Apoio Psicopedag\u00f3gico<\/strong>, para atender ao corpo acad\u00eamico e funcional da Institui\u00e7\u00e3o. Essa ajuda oferecida aos discentes, docentes e servidores pode se traduzir em aux\u00edlio especializado para a resolu\u00e7\u00e3o de problemas de ordem pedag\u00f3gica e psicol\u00f3gica.<\/p>\t\t\t\t\t\t\t\t<\/div>\n\t\t\t\t<\/div>\n\t\t\t\t\t<\/div>\n\t\t<\/div>\n\t\t\t\t\t<\/div>\n\t\t<\/section>\n\t\t\t\t\t<\/div>\n\t\t<\/div>\n\t\t\t\t\t<\/div>\n\t\t<\/section>\n\t\t\t\t<section class=\"elementor-section elementor-top-section elementor-element elementor-element-b9ea9d5 conteudo-branco elementor-section-boxed elementor-section-height-default elementor-section-height-default exad-glass-effect-no wpr-particle-no wpr-jarallax-no wpr-parallax-no wpr-sticky-section-no exad-sticky-section-no\" data-id=\"b9ea9d5\" data-element_type=\"section\" data-e-type=\"section\">\n\t\t\t\t\t\t<div class=\"elementor-container elementor-column-gap-default\">\n\t\t\t\t\t<div class=\"elementor-column elementor-col-100 elementor-top-column elementor-element elementor-element-3e43073 exad-glass-effect-no exad-sticky-section-no\" data-id=\"3e43073\" data-element_type=\"column\" data-e-type=\"column\">\n\t\t\t<div class=\"elementor-widget-wrap elementor-element-populated\">\n\t\t\t\t\t\t<div class=\"elementor-element elementor-element-8b8e85e exad-sticky-section-no exad-glass-effect-no elementor-widget elementor-widget-menu-anchor\" data-id=\"8b8e85e\" data-element_type=\"widget\" data-e-type=\"widget\" data-widget_type=\"menu-anchor.default\">\n\t\t\t\t<div class=\"elementor-widget-container\">\n\t\t\t\t\t\t\t<div class=\"elementor-menu-anchor\" id=\"objetivos\"><\/div>\n\t\t\t\t\t\t<\/div>\n\t\t\t\t<\/div>\n\t\t\t\t<div class=\"elementor-element elementor-element-28330b9 exad-sticky-section-no exad-glass-effect-no elementor-widget elementor-widget-heading\" data-id=\"28330b9\" data-element_type=\"widget\" data-e-type=\"widget\" data-widget_type=\"heading.default\">\n\t\t\t\t<div class=\"elementor-widget-container\">\n\t\t\t\t\t<h2 class=\"elementor-heading-title elementor-size-default\">Objetivos do N.A.P.<\/h2>\t\t\t\t<\/div>\n\t\t\t\t<\/div>\n\t\t\t\t<div class=\"elementor-element elementor-element-ab93a83 exad-sticky-section-no exad-glass-effect-no elementor-widget elementor-widget-text-editor\" data-id=\"ab93a83\" data-element_type=\"widget\" data-e-type=\"widget\" data-widget_type=\"text-editor.default\">\n\t\t\t\t<div class=\"elementor-widget-container\">\n\t\t\t\t\t\t\t\t\t<p>&#8211; Promover a sa\u00fade pedag\u00f3gica e mental da comunidade acad\u00eamica da <strong>SEUNE<\/strong>, mediante a\u00e7\u00f5es preventivas e assistenciais em sua \u00e1rea espec\u00edfica de atua\u00e7\u00e3o;<\/p><p>&#8211; Prestar assist\u00eancia psicol\u00f3gica aos corpos discente e docente, bem como aos demais servidores da IES, e\/ou encaminhar para o atendimento especializado aqueles que demonstrem necessidade de ajuda profissional espec\u00edfica;<\/p><p>&#8211; Identificar o perfil psicopedag\u00f3gico e profissional dos discentes da <strong>SEUNE<\/strong>, tendo em vista orienta\u00e7\u00e3o coletiva e individual para uma forma\u00e7\u00e3o e um adequado desenvolvimento profissional futuro.<\/p>\t\t\t\t\t\t\t\t<\/div>\n\t\t\t\t<\/div>\n\t\t\t\t\t<\/div>\n\t\t<\/div>\n\t\t\t\t\t<\/div>\n\t\t<\/section>\n\t\t\t\t<section class=\"elementor-section elementor-top-section elementor-element elementor-element-bd1a4ea conteudo-branco elementor-section-boxed elementor-section-height-default elementor-section-height-default exad-glass-effect-no wpr-particle-no wpr-jarallax-no wpr-parallax-no wpr-sticky-section-no exad-sticky-section-no\" data-id=\"bd1a4ea\" data-element_type=\"section\" data-e-type=\"section\">\n\t\t\t\t\t\t<div class=\"elementor-container elementor-column-gap-default\">\n\t\t\t\t\t<div class=\"elementor-column elementor-col-100 elementor-top-column elementor-element elementor-element-9a7316c exad-glass-effect-no exad-sticky-section-no\" data-id=\"9a7316c\" data-element_type=\"column\" data-e-type=\"column\">\n\t\t\t<div class=\"elementor-widget-wrap elementor-element-populated\">\n\t\t\t\t\t\t<div class=\"elementor-element elementor-element-68aef80 exad-sticky-section-no exad-glass-effect-no elementor-widget elementor-widget-menu-anchor\" data-id=\"68aef80\" data-element_type=\"widget\" data-e-type=\"widget\" data-widget_type=\"menu-anchor.default\">\n\t\t\t\t<div class=\"elementor-widget-container\">\n\t\t\t\t\t\t\t<div class=\"elementor-menu-anchor\" id=\"metodologia\"><\/div>\n\t\t\t\t\t\t<\/div>\n\t\t\t\t<\/div>\n\t\t\t\t<div class=\"elementor-element elementor-element-5287c6e exad-sticky-section-no exad-glass-effect-no elementor-widget elementor-widget-heading\" data-id=\"5287c6e\" data-element_type=\"widget\" data-e-type=\"widget\" data-widget_type=\"heading.default\">\n\t\t\t\t<div class=\"elementor-widget-container\">\n\t\t\t\t\t<h2 class=\"elementor-heading-title elementor-size-default\">Metodologia de A\u00e7\u00e3o<\/h2>\t\t\t\t<\/div>\n\t\t\t\t<\/div>\n\t\t\t\t<div class=\"elementor-element elementor-element-b18264f justificartexto exad-sticky-section-no exad-glass-effect-no elementor-widget elementor-widget-text-editor\" data-id=\"b18264f\" data-element_type=\"widget\" data-e-type=\"widget\" data-widget_type=\"text-editor.default\">\n\t\t\t\t<div class=\"elementor-widget-container\">\n\t\t\t\t\t\t\t\t\t<p>A atua\u00e7\u00e3o do <strong>NAP<\/strong> se inicia pelo diagn\u00f3stico de uma situa\u00e7\u00e3o espec\u00edfica, com vistas ao seu conhecimento mais aprofundado, fazendo uma leitura da realidade, para, ent\u00e3o, proceder \u00e0 interven\u00e7\u00e3o.<\/p><p>Os servi\u00e7os do <strong>NAP<\/strong> s\u00e3o desenvolvidos utilizando-se da entrevista, anamnese, podendo ir at\u00e9 aos testes psicomotor, de linguagem, pedag\u00f3gico, de percep\u00e7\u00e3o, projetivo, expressivos, bem como a outras modalidades que possam contribuir para aperfei\u00e7oar ainda mais o desempenho dos professores e dos estudantes da <strong>SEUNE<\/strong>. Sempre que necessitarem de ajuda especializada, tantos os coordenadores e docentes podem encaminhar o discente para o NAP, quando os estudantes devem sentir-se \u00e0 vontade para solicitar um hor\u00e1rio de atendimento, ou simplesmente para uma conversa amiga<\/p>\t\t\t\t\t\t\t\t<\/div>\n\t\t\t\t<\/div>\n\t\t\t\t\t<\/div>\n\t\t<\/div>\n\t\t\t\t\t<\/div>\n\t\t<\/section>\n\t\t\t\t<section class=\"elementor-section elementor-top-section elementor-element elementor-element-1b35b4c conteudo-branco elementor-section-boxed elementor-section-height-default elementor-section-height-default exad-glass-effect-no wpr-particle-no wpr-jarallax-no wpr-parallax-no wpr-sticky-section-no exad-sticky-section-no\" data-id=\"1b35b4c\" data-element_type=\"section\" data-e-type=\"section\">\n\t\t\t\t\t\t<div class=\"elementor-container elementor-column-gap-default\">\n\t\t\t\t\t<div class=\"elementor-column elementor-col-100 elementor-top-column elementor-element elementor-element-8c61a12 exad-glass-effect-no exad-sticky-section-no\" data-id=\"8c61a12\" data-element_type=\"column\" data-e-type=\"column\">\n\t\t\t<div class=\"elementor-widget-wrap elementor-element-populated\">\n\t\t\t\t\t\t<div class=\"elementor-element elementor-element-c31f74f exad-sticky-section-no exad-glass-effect-no elementor-widget elementor-widget-menu-anchor\" data-id=\"c31f74f\" data-element_type=\"widget\" data-e-type=\"widget\" data-widget_type=\"menu-anchor.default\">\n\t\t\t\t<div class=\"elementor-widget-container\">\n\t\t\t\t\t\t\t<div class=\"elementor-menu-anchor\" id=\"coordenacao\"><\/div>\n\t\t\t\t\t\t<\/div>\n\t\t\t\t<\/div>\n\t\t\t\t<div class=\"elementor-element elementor-element-7b75aad exad-sticky-section-no exad-glass-effect-no elementor-widget elementor-widget-heading\" data-id=\"7b75aad\" data-element_type=\"widget\" data-e-type=\"widget\" data-widget_type=\"heading.default\">\n\t\t\t\t<div class=\"elementor-widget-container\">\n\t\t\t\t\t<h2 class=\"elementor-heading-title elementor-size-default\">Coordena\u00e7\u00e3o <\/h2>\t\t\t\t<\/div>\n\t\t\t\t<\/div>\n\t\t\t\t\t<\/div>\n\t\t<\/div>\n\t\t\t\t\t<\/div>\n\t\t<\/section>\n\t\t\t\t<section class=\"elementor-section elementor-top-section elementor-element elementor-element-63097b3d conteudo-branco elementor-section-boxed elementor-section-height-default elementor-section-height-default exad-glass-effect-no wpr-particle-no wpr-jarallax-no wpr-parallax-no wpr-sticky-section-no exad-sticky-section-no\" data-id=\"63097b3d\" data-element_type=\"section\" data-e-type=\"section\">\n\t\t\t\t\t\t<div class=\"elementor-container elementor-column-gap-default\">\n\t\t\t\t\t<div class=\"elementor-column elementor-col-100 elementor-top-column elementor-element elementor-element-6b855425 exad-glass-effect-no exad-sticky-section-no\" data-id=\"6b855425\" data-element_type=\"column\" data-e-type=\"column\">\n\t\t\t<div class=\"elementor-widget-wrap elementor-element-populated\">\n\t\t\t\t\t\t<div class=\"elementor-element elementor-element-82aef33 exad-sticky-section-no exad-glass-effect-no elementor-widget elementor-widget-heading\" data-id=\"82aef33\" data-element_type=\"widget\" data-e-type=\"widget\" data-widget_type=\"heading.default\">\n\t\t\t\t<div class=\"elementor-widget-container\">\n\t\t\t\t\t<h5 class=\"elementor-heading-title elementor-size-default\">CoordenadorA<\/h5>\t\t\t\t<\/div>\n\t\t\t\t<\/div>\n\t\t\t\t\t<\/div>\n\t\t<\/div>\n\t\t\t\t\t<\/div>\n\t\t<\/section>\n\t\t\t\t<section class=\"elementor-section elementor-top-section elementor-element elementor-element-fa60c12 conteudo-branco elementor-section-boxed elementor-section-height-default elementor-section-height-default exad-glass-effect-no wpr-particle-no wpr-jarallax-no wpr-parallax-no wpr-sticky-section-no exad-sticky-section-no\" data-id=\"fa60c12\" data-element_type=\"section\" data-e-type=\"section\">\n\t\t\t\t\t\t<div class=\"elementor-container elementor-column-gap-default\">\n\t\t\t\t\t<div class=\"elementor-column elementor-col-100 elementor-top-column elementor-element elementor-element-0a4cea7 exad-glass-effect-no exad-sticky-section-no\" data-id=\"0a4cea7\" data-element_type=\"column\" data-e-type=\"column\">\n\t\t\t<div class=\"elementor-widget-wrap elementor-element-populated\">\n\t\t\t\t\t\t<div class=\"elementor-element elementor-element-31f347c exad-sticky-section-no exad-glass-effect-no elementor-widget elementor-widget-menu-anchor\" data-id=\"31f347c\" data-element_type=\"widget\" data-e-type=\"widget\" data-widget_type=\"menu-anchor.default\">\n\t\t\t\t<div class=\"elementor-widget-container\">\n\t\t\t\t\t\t\t<div class=\"elementor-menu-anchor\" id=\"atendimento\"><\/div>\n\t\t\t\t\t\t<\/div>\n\t\t\t\t<\/div>\n\t\t\t\t<div class=\"elementor-element elementor-element-1c13931 exad-sticky-section-no exad-glass-effect-no elementor-widget elementor-widget-heading\" data-id=\"1c13931\" data-element_type=\"widget\" data-e-type=\"widget\" data-widget_type=\"heading.default\">\n\t\t\t\t<div class=\"elementor-widget-container\">\n\t\t\t\t\t<h2 class=\"elementor-heading-title elementor-size-default\">Atendimento<\/h2>\t\t\t\t<\/div>\n\t\t\t\t<\/div>\n\t\t\t\t<div class=\"elementor-element elementor-element-2f05a24 exad-sticky-section-no exad-glass-effect-no elementor-widget elementor-widget-text-editor\" data-id=\"2f05a24\" data-element_type=\"widget\" data-e-type=\"widget\" data-widget_type=\"text-editor.default\">\n\t\t\t\t<div class=\"elementor-widget-container\">\n\t\t\t\t\t\t\t\t\t<div id=\"m_-1386481256458544391ext-gen2415\">\n<p>O <strong>N.A.P.&nbsp;<\/strong>encontra-se instalado numa sala climatizada, que fica no t\u00e9rreo do setor de aulas, entre a primeira escadaria de acesso ao 1\u00ba andar e o bloco das Coordena\u00e7\u00f5es de Curso.<\/p>\n<p>Os hor\u00e1rios de funcionamento do <strong>N.A.P.&nbsp;<\/strong>s\u00e3o:<\/p>\n<p style=\"text-align:justify\"><span style=\"font-family:&quot;Arial&quot;,&quot;sans-serif&quot;; mso-bidi-font-weight:bold\">Manh\u00e3 \u2013 \u00e0s 2\u00aa e 4\u00aa&nbsp;<\/span><span style=\"font-family: Arial, sans-serif; font-size: 16px; font-style: normal; font-weight: 400;\">Feiras<\/span><span style=\"font-family: Arial, sans-serif; font-size: 16px;\">&nbsp;&nbsp;\u2013 das 8h \u00e0s 11h30\u00b4<\/span><\/p>\n<p style=\"text-align:justify\"><span style=\"font-family:&quot;Arial&quot;,&quot;sans-serif&quot;; mso-bidi-font-weight:bold\">Tarde \u2013 \u00e0s 3\u00aa e 5\u00aa Feiras \u2013 das 16h \u00e1s 19h.<o:p><\/o:p><\/span><\/p>\n<p><span style=\"font-size:11.0pt;line-height:115%;font-family:&quot;Arial&quot;,&quot;sans-serif&quot;; mso-fareast-font-family:Calibri;mso-fareast-theme-font:minor-latin;mso-ansi-language: PT-BR;mso-fareast-language:EN-US;mso-bidi-language:AR-SA;mso-bidi-font-weight: bold\">Noite \u2013 \u00e0s 2\u00aa e 4\u00aa Feiras \u2013 das 18h \u00e0s 21h.<\/span><br><\/p>\n<\/div>\t\t\t\t\t\t\t\t<\/div>\n\t\t\t\t<\/div>\n\t\t\t\t\t<\/div>\n\t\t<\/div>\n\t\t\t\t\t<\/div>\n\t\t<\/section>\n\t\t\t\t<\/div>\n\t\t","protected":false},"excerpt":{"rendered":"<p>Sobre Desde 2008, funciona na SEUNE, um N\u00facleo de Apoio Psicopedag\u00f3gico, para atender ao corpo acad\u00eamico e funcional da Institui\u00e7\u00e3o. Essa ajuda oferecida aos discentes, docentes e servidores pode se traduzir em aux\u00edlio especializado para a resolu\u00e7\u00e3o de problemas de ordem pedag\u00f3gica e psicol\u00f3gica. Objetivos do N.A.P. &#8211; Promover a sa\u00fade pedag\u00f3gica e mental da <a class=\"more-link\" href=\"https:\/\/seune.edu.br\/portalseune\/nap\/\">&hellip; Continue lendo&hellip; &rarr;<\/a><\/p>\n","protected":false},"author":1,"featured_media":0,"parent":0,"menu_order":0,"comment_status":"closed","ping_status":"closed","template":"elementor_header_footer","meta":{"_acf_changed":false,"footnotes":""},"class_list":["post-734","page","type-page","status-publish","hentry"],"acf":[],"jetpack_sharing_enabled":true,"_links":{"self":[{"href":"https:\/\/seune.edu.br\/portalseune\/wp-json\/wp\/v2\/pages\/734","targetHints":{"allow":["GET"]}}],"collection":[{"href":"https:\/\/seune.edu.br\/portalseune\/wp-json\/wp\/v2\/pages"}],"about":[{"href":"https:\/\/seune.edu.br\/portalseune\/wp-json\/wp\/v2\/types\/page"}],"author":[{"embeddable":true,"href":"https:\/\/seune.edu.br\/portalseune\/wp-json\/wp\/v2\/users\/1"}],"replies":[{"embeddable":true,"href":"https:\/\/seune.edu.br\/portalseune\/wp-json\/wp\/v2\/comments?post=734"}],"version-history":[{"count":25,"href":"https:\/\/seune.edu.br\/portalseune\/wp-json\/wp\/v2\/pages\/734\/revisions"}],"predecessor-version":[{"id":6377,"href":"https:\/\/seune.edu.br\/portalseune\/wp-json\/wp\/v2\/pages\/734\/revisions\/6377"}],"wp:attachment":[{"href":"https:\/\/seune.edu.br\/portalseune\/wp-json\/wp\/v2\/media?parent=734"}],"curies":[{"name":"wp","href":"https:\/\/api.w.org\/{rel}","templated":true}]}}