{"id":936,"date":"2020-01-30T21:53:46","date_gmt":"2020-01-31T00:53:46","guid":{"rendered":"http:\/\/seune.edu.br\/portalseune\/?page_id=936"},"modified":"2026-03-19T15:36:08","modified_gmt":"2026-03-19T18:36:08","slug":"aluno","status":"publish","type":"page","link":"https:\/\/seune.edu.br\/portalseune\/aluno\/","title":{"rendered":"Aluno"},"content":{"rendered":"\t\t<div data-elementor-type=\"wp-page\" data-elementor-id=\"936\" class=\"elementor elementor-936\">\n\t\t\t\t\t\t<section class=\"elementor-section elementor-top-section elementor-element elementor-element-c153ca4 conteudo-branco elementor-section-boxed elementor-section-height-default elementor-section-height-default exad-glass-effect-no wpr-particle-no wpr-jarallax-no wpr-parallax-no wpr-sticky-section-no exad-sticky-section-no\" data-id=\"c153ca4\" data-element_type=\"section\" data-e-type=\"section\">\n\t\t\t\t\t\t<div class=\"elementor-container elementor-column-gap-default\">\n\t\t\t\t\t<div class=\"elementor-column elementor-col-100 elementor-top-column elementor-element elementor-element-ab74c23 exad-glass-effect-no exad-sticky-section-no\" data-id=\"ab74c23\" data-element_type=\"column\" data-e-type=\"column\">\n\t\t\t<div class=\"elementor-widget-wrap elementor-element-populated\">\n\t\t\t\t\t\t<div class=\"elementor-element elementor-element-3d9060a elementor-hidden-phone exad-sticky-section-no exad-glass-effect-no elementor-widget elementor-widget-image\" data-id=\"3d9060a\" data-element_type=\"widget\" data-e-type=\"widget\" data-widget_type=\"image.default\">\n\t\t\t\t<div class=\"elementor-widget-container\">\n\t\t\t\t\t\t\t\t\t\t\t\t\t\t\t<img decoding=\"async\" src=\"https:\/\/seune.edu.br\/portalseune\/wp-content\/uploads\/2020\/01\/otALUNO-1140-200.jpg\" title=\"otALUNO-1140-200\" alt=\"otALUNO-1140-200\" loading=\"lazy\" \/>\t\t\t\t\t\t\t\t\t\t\t\t\t\t\t<\/div>\n\t\t\t\t<\/div>\n\t\t\t\t<div class=\"elementor-element elementor-element-1cd550b elementor-hidden-desktop elementor-hidden-tablet exad-sticky-section-no exad-glass-effect-no elementor-widget elementor-widget-image\" data-id=\"1cd550b\" data-element_type=\"widget\" data-e-type=\"widget\" data-widget_type=\"image.default\">\n\t\t\t\t<div class=\"elementor-widget-container\">\n\t\t\t\t\t\t\t\t\t\t\t\t\t\t\t<img fetchpriority=\"high\" decoding=\"async\" width=\"400\" height=\"163\" src=\"https:\/\/seune.edu.br\/portalseune\/wp-content\/uploads\/2020\/01\/otAluno400x163.jpg\" class=\"attachment-full size-full wp-image-948\" alt=\"\" srcset=\"https:\/\/seune.edu.br\/portalseune\/wp-content\/uploads\/2020\/01\/otAluno400x163.jpg 400w, https:\/\/seune.edu.br\/portalseune\/wp-content\/uploads\/2020\/01\/otAluno400x163-300x122.jpg 300w\" sizes=\"(max-width: 400px) 100vw, 400px\" \/>\t\t\t\t\t\t\t\t\t\t\t\t\t\t\t<\/div>\n\t\t\t\t<\/div>\n\t\t\t\t\t<\/div>\n\t\t<\/div>\n\t\t\t\t\t<\/div>\n\t\t<\/section>\n\t\t\t\t<section class=\"elementor-section elementor-top-section elementor-element elementor-element-0b64937 conteudo-branco elementor-section-boxed elementor-section-height-default elementor-section-height-default exad-glass-effect-no wpr-particle-no wpr-jarallax-no wpr-parallax-no wpr-sticky-section-no exad-sticky-section-no\" data-id=\"0b64937\" data-element_type=\"section\" data-e-type=\"section\">\n\t\t\t\t\t\t<div class=\"elementor-container elementor-column-gap-default\">\n\t\t\t\t\t<div class=\"elementor-column elementor-col-100 elementor-top-column elementor-element elementor-element-26f4b75 exad-glass-effect-no exad-sticky-section-no\" data-id=\"26f4b75\" data-element_type=\"column\" data-e-type=\"column\">\n\t\t\t<div class=\"elementor-widget-wrap elementor-element-populated\">\n\t\t\t\t\t\t<div class=\"elementor-element elementor-element-c0d5c56 exad-sticky-section-no exad-glass-effect-no elementor-widget elementor-widget-heading\" data-id=\"c0d5c56\" data-element_type=\"widget\" data-e-type=\"widget\" data-widget_type=\"heading.default\">\n\t\t\t\t<div class=\"elementor-widget-container\">\n\t\t\t\t\t<h2 class=\"elementor-heading-title elementor-size-default\">Acesse:<\/h2>\t\t\t\t<\/div>\n\t\t\t\t<\/div>\n\t\t\t\t\t<\/div>\n\t\t<\/div>\n\t\t\t\t\t<\/div>\n\t\t<\/section>\n\t\t\t\t<section class=\"elementor-section elementor-top-section elementor-element elementor-element-7bfcdea conteudo-branco elementor-section-boxed elementor-section-height-default elementor-section-height-default exad-glass-effect-no wpr-particle-no wpr-jarallax-no wpr-parallax-no wpr-sticky-section-no exad-sticky-section-no\" data-id=\"7bfcdea\" data-element_type=\"section\" data-e-type=\"section\">\n\t\t\t\t\t\t<div class=\"elementor-container elementor-column-gap-default\">\n\t\t\t\t\t<div class=\"elementor-column elementor-col-100 elementor-top-column elementor-element elementor-element-9848ff6 exad-glass-effect-no exad-sticky-section-no\" data-id=\"9848ff6\" data-element_type=\"column\" data-e-type=\"column\">\n\t\t\t<div class=\"elementor-widget-wrap elementor-element-populated\">\n\t\t\t\t\t\t<div class=\"elementor-element elementor-element-ec77e2a exad-sticky-section-no exad-glass-effect-no elementor-widget elementor-widget-html\" data-id=\"ec77e2a\" data-element_type=\"widget\" data-e-type=\"widget\" data-widget_type=\"html.default\">\n\t\t\t\t<div class=\"elementor-widget-container\">\n\t\t\t\t\t<div class=\"boxarapido\">\r\n    \r\n                 \r\n                      <a href=\"http:\/\/sistemas.seune.edu.br\/sigaWeb\/aluno\" class=\"btnar\">\r\n                         <ul>\r\n                             <li>\u00c1rea do Aluno<\/li>\r\n                         <\/ul>\r\n                     <\/a>\r\n                     \r\n                     <a href=\"http:\/\/seune.edu.br\/portalseune\/estagios\/\" class=\"btnar\">\r\n                         <ul>\r\n\r\n                             <li>Central de Est\u00e1gios<\/li>\r\n                         <\/ul>\r\n                     <\/a>\r\n                     \r\n                     <a href=\"http:\/\/seune.edu.br\/portalseune\/biblioteca\/\" class=\"btnar\">\r\n                         <ul>\r\n\r\n                \r\n                             <li>Biblioteca<\/li>\r\n                         <\/ul>\r\n                     <\/a>\r\n                     \r\n\r\n                     \r\n                            <a href=\"http:\/\/seune.edu.br\/portalseune\/calendario\/\" class=\"btnar\">\r\n                         <ul>\r\n\r\n                             <li>Calend\u00e1rio Acad\u00eamico<\/li>\r\n                         <\/ul>\r\n                     <\/a>\r\n\r\n\r\n                 <\/div>\r\n                 \r\n                 \r\n<style>\r\n    \r\n.boxarapido{\r\n\r\n    width: 100%;\r\n    \r\n    display: flex;\r\n    \r\n    flex-direction: row;\r\n    \r\n    flex-wrap: wrap !important;\r\n\r\n    justify-content: center;\r\n    \r\n    \r\n\r\n}\r\n\r\n.btnar{\r\n\r\n    height: 80px;\r\n\r\n    width: 150px;\r\n\r\n    background-color: floralwhite;\r\n\r\n    padding: 5px;\r\n\r\n    margin-left: 20px;\r\n\r\n    margin-top: 5px;\r\n    margin-bottom: 10px;\r\n\r\n    border: 1px solid gray;\r\n    \r\n    border-radius: 15px;\r\n\r\n    text-align: center;\r\n\r\n    padding-top: 20px;\r\n\r\n    box-shadow: 5px 5px 5px grey;\r\n\r\n    background-image: linear-gradient(#FFFFFF, #CCCCCC );\r\n\r\n    text-decoration: none;\r\n    color: black;\r\n\r\n\r\n}\r\n    @media screen and (max-width:580px) {\r\n        \r\n    .btnar{\r\n        width: 30vw;\r\n        }\r\n        \r\n        \r\n    }\r\n\r\n.btnar ul {\r\n\r\nlist-style: none;\r\nmargin: 0px;\r\npadding: 0px;\r\n\r\n}\r\n\r\n.btnar:hover{\r\n\r\n    color: darkred;\r\n    text-decoration: none;    \r\n\r\n}\r\n\r\n\/\/ add outros\r\n\r\n.colorbranco{\r\n\r\n    color: #FFFFFF !important;\r\n}\r\n\r\n.borderblack{\r\n\r\nborder: 1px solid black !important;\r\n\r\n}\r\n    \r\n    \r\n    \r\n<\/style>\t\t\t\t<\/div>\n\t\t\t\t<\/div>\n\t\t\t\t\t<\/div>\n\t\t<\/div>\n\t\t\t\t\t<\/div>\n\t\t<\/section>\n\t\t\t\t<\/div>\n\t\t","protected":false},"excerpt":{"rendered":"<p>Acesse: \u00c1rea do Aluno Central de Est\u00e1gios Biblioteca Calend\u00e1rio Acad\u00eamico<\/p>\n","protected":false},"author":1,"featured_media":0,"parent":0,"menu_order":0,"comment_status":"closed","ping_status":"closed","template":"elementor_header_footer","meta":{"_acf_changed":false,"footnotes":""},"class_list":["post-936","page","type-page","status-publish","hentry"],"acf":[],"jetpack_sharing_enabled":true,"_links":{"self":[{"href":"https:\/\/seune.edu.br\/portalseune\/wp-json\/wp\/v2\/pages\/936","targetHints":{"allow":["GET"]}}],"collection":[{"href":"https:\/\/seune.edu.br\/portalseune\/wp-json\/wp\/v2\/pages"}],"about":[{"href":"https:\/\/seune.edu.br\/portalseune\/wp-json\/wp\/v2\/types\/page"}],"author":[{"embeddable":true,"href":"https:\/\/seune.edu.br\/portalseune\/wp-json\/wp\/v2\/users\/1"}],"replies":[{"embeddable":true,"href":"https:\/\/seune.edu.br\/portalseune\/wp-json\/wp\/v2\/comments?post=936"}],"version-history":[{"count":54,"href":"https:\/\/seune.edu.br\/portalseune\/wp-json\/wp\/v2\/pages\/936\/revisions"}],"predecessor-version":[{"id":6827,"href":"https:\/\/seune.edu.br\/portalseune\/wp-json\/wp\/v2\/pages\/936\/revisions\/6827"}],"wp:attachment":[{"href":"https:\/\/seune.edu.br\/portalseune\/wp-json\/wp\/v2\/media?parent=936"}],"curies":[{"name":"wp","href":"https:\/\/api.w.org\/{rel}","templated":true}]}}