{"id":992,"date":"2025-02-08T03:29:40","date_gmt":"2025-02-08T06:29:40","guid":{"rendered":"http:\/\/seune.edu.br\/portalseune\/?page_id=992"},"modified":"2026-02-06T17:14:01","modified_gmt":"2026-02-06T20:14:01","slug":"estagios","status":"publish","type":"page","link":"https:\/\/seune.edu.br\/portalseune\/estagios\/","title":{"rendered":"Est\u00e1gios"},"content":{"rendered":"\t\t<div data-elementor-type=\"wp-page\" data-elementor-id=\"992\" class=\"elementor elementor-992\">\n\t\t\t\t\t\t<section class=\"elementor-section elementor-top-section elementor-element elementor-element-c822f2d conteudo-branco elementor-section-boxed elementor-section-height-default elementor-section-height-default exad-glass-effect-no wpr-particle-no wpr-jarallax-no wpr-parallax-no wpr-sticky-section-no exad-sticky-section-no\" data-id=\"c822f2d\" data-element_type=\"section\" data-e-type=\"section\">\n\t\t\t\t\t\t<div class=\"elementor-container elementor-column-gap-default\">\n\t\t\t\t\t<div class=\"elementor-column elementor-col-100 elementor-top-column elementor-element elementor-element-49dc0d27 exad-glass-effect-no exad-sticky-section-no\" data-id=\"49dc0d27\" data-element_type=\"column\" data-e-type=\"column\">\n\t\t\t<div class=\"elementor-widget-wrap elementor-element-populated\">\n\t\t\t\t\t\t<div class=\"elementor-element elementor-element-e636dc8 exad-sticky-section-no exad-glass-effect-no elementor-widget elementor-widget-html\" data-id=\"e636dc8\" data-element_type=\"widget\" data-e-type=\"widget\" data-widget_type=\"html.default\">\n\t\t\t\t<div class=\"elementor-widget-container\">\n\t\t\t\t\t \n<style>\n    #elementor-menu-toggle {\n\n    width: 100% !important;\n   font-size: 1em;\n   margin: 0;\n}\n .testeclass a:hover {\n     transition: 0.4s;\n       text-decoration: underline;\n     \n }\n\n\n\n\n\n\/* Underline Reveal *\/\n.hvr-underline-reveal a {\n  display: inline-block;\n  vertical-align: middle;\n  -webkit-transform: perspective(1px) translateZ(0);\n  transform: perspective(1px) translateZ(0);\n  box-shadow: 0 0 1px rgba(0, 0, 0, 0);\n  position: relative;\n  overflow: hidden;\n   -webkit-transition-property: color ;\n  transition-property: color !important;\n}\n.hvr-underline-reveal a:before {\n  content: \"\";\n  position: absolute;\n  z-index: -1;\n  left: 0;\n  right: 0;\n  bottom: 0;\n  background: #c20c0c;\n  height: 4px;\n  -webkit-transform: translateY(4px);\n  transform: translateY(4px);\n  -webkit-transition-property: transform;\n  transition-property: transform;\n  -webkit-transition-duration: 0.3s;\n  transition-duration: 0.3s;\n  -webkit-transition-timing-function: ease-out;\n  transition-timing-function: ease-out;\n}\n\n\n.hvr-underline-reveal a:hover:before, .hvr-underline-reveal a:focus:before, .hvr-underline-reveal a:active:before {\n  -webkit-transform: translateY(0);\n  transform: translateY(0);\n}\n\n\n\/* Bounce To Bottom \n\n.hvr-bounce-to-bottom a {\n   \n  display: inline-block !important;\n  vertical-align: middle !important;\n  -webkit-transform: perspective(1px) translateZ(0) !important;\n  transform: perspective(1px) translateZ(0);\n  box-shadow: 0 0 1px rgba(0, 0, 0, 0);\n  position: relative;\n  -webkit-transition-property: color ;\n  transition-property: color !important;\n  -webkit-transition-duration: 0.5s !important;\n  transition-duration: 0.5s !important ;\n}\n.hvr-bounce-to-bottom a:before  {\n  content: \"\" !important;\n  position: absolute !important;\n  z-index: -1 !important;\n  top: 0 !important;\n  left: 0 !important;\n  right: 0 !important;\n  bottom: 0 !important;\n  background: #ffffff !important;\n  border-bottom: solid 1px black;\n  -webkit-transform: scaleY(0) !important;\n  transform: scaleY(0) !important;\n  -webkit-transform-origin: 50% 0 !important;\n  transform-origin: 50% 0 !important;\n  -webkit-transition-property: transform !important;\n  transition-property: transform;\n  -webkit-transition-duration: 0.5s !important;\n  transition-duration: 0.5s !important;\n  -webkit-transition-timing-function: ease-out !important;\n  transition-timing-function: ease-out !important;\n}\n.hvr-bounce-to-bottom a:hover, .hvr-bounce-to-bottom a:focus, .hvr-bounce-to-bottom a:active {\n  color: black !important;\n}\n.hvr-bounce-to-bottom a:hover:before, .hvr-bounce-to-bottom a:focus:before, .hvr-bounce-to-bottom a:active:before {\n  -webkit-transform: scaleY(1) !important;\n  transform: scaleY(1) !important;\n  -webkit-transition-timing-function: cubic-bezier(0.52, 1.64, 0.37, 0.66) !important;\n  transition-timing-function: cubic-bezier(0.52, 1.64, 0.37, 0.66) !important;\n}\n\n*\/\n\n<\/style>\n    \t\t\t\t<\/div>\n\t\t\t\t<\/div>\n\t\t\t\t\t<\/div>\n\t\t<\/div>\n\t\t\t\t\t<\/div>\n\t\t<\/section>\n\t\t\t\t<section class=\"elementor-section elementor-top-section elementor-element elementor-element-0a6b583 conteudo-branco elementor-section-boxed elementor-section-height-default elementor-section-height-default exad-glass-effect-no wpr-particle-no wpr-jarallax-no wpr-parallax-no wpr-sticky-section-no exad-sticky-section-no\" data-id=\"0a6b583\" data-element_type=\"section\" data-e-type=\"section\">\n\t\t\t\t\t\t<div class=\"elementor-container elementor-column-gap-default\">\n\t\t\t\t\t<div class=\"elementor-column elementor-col-100 elementor-top-column elementor-element elementor-element-bad34f8 exad-glass-effect-no exad-sticky-section-no\" data-id=\"bad34f8\" data-element_type=\"column\" data-e-type=\"column\">\n\t\t\t<div class=\"elementor-widget-wrap elementor-element-populated\">\n\t\t\t\t\t\t<div class=\"elementor-element elementor-element-bd6071a elementor-widget__width-inherit elementor-hidden-tablet elementor-hidden-mobile exad-sticky-section-no exad-glass-effect-no elementor-widget elementor-widget-image\" data-id=\"bd6071a\" data-element_type=\"widget\" data-e-type=\"widget\" data-widget_type=\"image.default\">\n\t\t\t\t<div class=\"elementor-widget-container\">\n\t\t\t\t\t\t\t\t\t\t\t\t\t\t\t<img fetchpriority=\"high\" decoding=\"async\" width=\"1024\" height=\"341\" src=\"https:\/\/seune.edu.br\/portalseune\/wp-content\/uploads\/2026\/02\/Quarto-Esboco-de-Banner-1024x341-1.png\" class=\"attachment-full size-full wp-image-6297\" alt=\"\" srcset=\"https:\/\/seune.edu.br\/portalseune\/wp-content\/uploads\/2026\/02\/Quarto-Esboco-de-Banner-1024x341-1.png 1024w, https:\/\/seune.edu.br\/portalseune\/wp-content\/uploads\/2026\/02\/Quarto-Esboco-de-Banner-1024x341-1-300x100.png 300w, https:\/\/seune.edu.br\/portalseune\/wp-content\/uploads\/2026\/02\/Quarto-Esboco-de-Banner-1024x341-1-768x256.png 768w\" sizes=\"(max-width: 1024px) 100vw, 1024px\" \/>\t\t\t\t\t\t\t\t\t\t\t\t\t\t\t<\/div>\n\t\t\t\t<\/div>\n\t\t\t\t<div class=\"elementor-element elementor-element-bbd4341 exad-sticky-section-no exad-glass-effect-no elementor-widget elementor-widget-heading\" data-id=\"bbd4341\" data-element_type=\"widget\" data-e-type=\"widget\" data-widget_type=\"heading.default\">\n\t\t\t\t<div class=\"elementor-widget-container\">\n\t\t\t\t\t<h2 class=\"elementor-heading-title elementor-size-default\">Sobre<\/h2>\t\t\t\t<\/div>\n\t\t\t\t<\/div>\n\t\t\t\t<section class=\"elementor-section elementor-inner-section elementor-element elementor-element-955b7d9 elementor-section-boxed elementor-section-height-default elementor-section-height-default exad-glass-effect-no wpr-particle-no wpr-jarallax-no wpr-parallax-no wpr-sticky-section-no exad-sticky-section-no\" data-id=\"955b7d9\" data-element_type=\"section\" data-e-type=\"section\">\n\t\t\t\t\t\t<div class=\"elementor-container elementor-column-gap-default\">\n\t\t\t\t\t<div class=\"elementor-column elementor-col-100 elementor-inner-column elementor-element elementor-element-75c1e36 exad-glass-effect-no exad-sticky-section-no\" data-id=\"75c1e36\" data-element_type=\"column\" data-e-type=\"column\">\n\t\t\t<div class=\"elementor-widget-wrap elementor-element-populated\">\n\t\t\t\t\t\t<div class=\"elementor-element elementor-element-eba7bdc justificartexto exad-sticky-section-no exad-glass-effect-no elementor-widget elementor-widget-text-editor\" data-id=\"eba7bdc\" data-element_type=\"widget\" data-e-type=\"widget\" data-widget_type=\"text-editor.default\">\n\t\t\t\t<div class=\"elementor-widget-container\">\n\t\t\t\t\t\t\t\t\t<p>A Faculdade SEUNE busca incessantemente firmar parcerias e conv\u00eanios com diversas empresas e institui\u00e7\u00f5es p\u00fablicas e privadas, atrav\u00e9s da Coordena\u00e7\u00e3o de Est\u00e1gios, com o intuito de ampliar as possibilidades de interface de conhecimento te\u00f3rico-pr\u00e1tico para seus alunos. Confira a rela\u00e7\u00e3o de empresas conveniadas com as quais voc\u00ea poder\u00e1 realizar est\u00e1gio e tornar-se mais competitivo no mercado de trabalho.<\/p>\t\t\t\t\t\t\t\t<\/div>\n\t\t\t\t<\/div>\n\t\t\t\t<div class=\"elementor-element elementor-element-d8b1842 exad-sticky-section-no exad-glass-effect-no elementor-widget elementor-widget-heading\" data-id=\"d8b1842\" data-element_type=\"widget\" data-e-type=\"widget\" data-widget_type=\"heading.default\">\n\t\t\t\t<div class=\"elementor-widget-container\">\n\t\t\t\t\t<h2 class=\"elementor-heading-title elementor-size-default\"><strong style=\"font-size: 16px;background-image: initial;background-position: initial;background-size: initial;background-repeat: initial;background-attachment: initial;font-family: Raleway, Arial, sans-serif;font-style: normal;text-align: center;white-space: normal\">RELA\u00c7\u00c3O GERAL DE EMPRESAS\/\u00d3RG\u00c3OS\/ENTIDADES CONVENIADAS<\/strong><\/h2>\t\t\t\t<\/div>\n\t\t\t\t<\/div>\n\t\t\t\t\t<\/div>\n\t\t<\/div>\n\t\t\t\t\t<\/div>\n\t\t<\/section>\n\t\t\t\t<div class=\"elementor-element elementor-element-8b75f27 elementor-align-center exad-sticky-section-no exad-glass-effect-no elementor-widget elementor-widget-button\" data-id=\"8b75f27\" data-element_type=\"widget\" data-e-type=\"widget\" data-widget_type=\"button.default\">\n\t\t\t\t<div class=\"elementor-widget-container\">\n\t\t\t\t\t\t\t\t\t<div class=\"elementor-button-wrapper\">\n\t\t\t\t\t<a class=\"elementor-button elementor-button-link elementor-size-sm\" href=\"http:\/\/seune.edu.br\/portalseune\/wp-content\/uploads\/2020\/02\/Convenios-para-estagios_2020_Site..pdf\" target=\"_blank\">\n\t\t\t\t\t\t<span class=\"elementor-button-content-wrapper\">\n\t\t\t\t\t\t<span class=\"elementor-button-icon\">\n\t\t\t\t<i aria-hidden=\"true\" class=\"fas fa-file-download\"><\/i>\t\t\t<\/span>\n\t\t\t\t\t\t\t\t\t<span class=\"elementor-button-text\">Download<\/span>\n\t\t\t\t\t<\/span>\n\t\t\t\t\t<\/a>\n\t\t\t\t<\/div>\n\t\t\t\t\t\t\t\t<\/div>\n\t\t\t\t<\/div>\n\t\t\t\t\t<\/div>\n\t\t<\/div>\n\t\t\t\t\t<\/div>\n\t\t<\/section>\n\t\t\t\t<section class=\"elementor-section elementor-top-section elementor-element elementor-element-1b35b4c conteudo-branco elementor-section-boxed elementor-section-height-default elementor-section-height-default exad-glass-effect-no wpr-particle-no wpr-jarallax-no wpr-parallax-no wpr-sticky-section-no exad-sticky-section-no\" data-id=\"1b35b4c\" data-element_type=\"section\" data-e-type=\"section\">\n\t\t\t\t\t\t<div class=\"elementor-container elementor-column-gap-default\">\n\t\t\t\t\t<div class=\"elementor-column elementor-col-100 elementor-top-column elementor-element elementor-element-8c61a12 exad-glass-effect-no exad-sticky-section-no\" data-id=\"8c61a12\" data-element_type=\"column\" data-e-type=\"column\">\n\t\t\t<div class=\"elementor-widget-wrap elementor-element-populated\">\n\t\t\t\t\t\t<div class=\"elementor-element elementor-element-c31f74f exad-sticky-section-no exad-glass-effect-no elementor-widget elementor-widget-menu-anchor\" data-id=\"c31f74f\" data-element_type=\"widget\" data-e-type=\"widget\" data-widget_type=\"menu-anchor.default\">\n\t\t\t\t<div class=\"elementor-widget-container\">\n\t\t\t\t\t\t\t<div class=\"elementor-menu-anchor\" id=\"coordenacao\"><\/div>\n\t\t\t\t\t\t<\/div>\n\t\t\t\t<\/div>\n\t\t\t\t<div class=\"elementor-element elementor-element-7b75aad exad-sticky-section-no exad-glass-effect-no elementor-widget elementor-widget-heading\" data-id=\"7b75aad\" data-element_type=\"widget\" data-e-type=\"widget\" data-widget_type=\"heading.default\">\n\t\t\t\t<div class=\"elementor-widget-container\">\n\t\t\t\t\t<h2 class=\"elementor-heading-title elementor-size-default\">Coordena\u00e7\u00e3o <\/h2>\t\t\t\t<\/div>\n\t\t\t\t<\/div>\n\t\t\t\t\t<\/div>\n\t\t<\/div>\n\t\t\t\t\t<\/div>\n\t\t<\/section>\n\t\t\t\t<section class=\"elementor-section elementor-top-section elementor-element elementor-element-89a2f67 conteudo-branco elementor-section-boxed elementor-section-height-default elementor-section-height-default exad-glass-effect-no wpr-particle-no wpr-jarallax-no wpr-parallax-no wpr-sticky-section-no exad-sticky-section-no\" data-id=\"89a2f67\" data-element_type=\"section\" data-e-type=\"section\">\n\t\t\t\t\t\t<div class=\"elementor-container elementor-column-gap-default\">\n\t\t\t\t\t<div class=\"elementor-column elementor-col-100 elementor-top-column elementor-element elementor-element-83eb9d2 exad-glass-effect-no exad-sticky-section-no\" data-id=\"83eb9d2\" data-element_type=\"column\" data-e-type=\"column\">\n\t\t\t<div class=\"elementor-widget-wrap elementor-element-populated\">\n\t\t\t\t\t\t<div class=\"elementor-element elementor-element-06468b0 exad-sticky-section-no exad-glass-effect-no elementor-widget elementor-widget-heading\" data-id=\"06468b0\" data-element_type=\"widget\" data-e-type=\"widget\" data-widget_type=\"heading.default\">\n\t\t\t\t<div class=\"elementor-widget-container\">\n\t\t\t\t\t<h2 class=\"elementor-heading-title elementor-size-default\">Prof. Thiago Paiva Ferreira<\/h2>\t\t\t\t<\/div>\n\t\t\t\t<\/div>\n\t\t\t\t\t<\/div>\n\t\t<\/div>\n\t\t\t\t\t<\/div>\n\t\t<\/section>\n\t\t\t\t<section class=\"elementor-section elementor-top-section elementor-element elementor-element-63097b3d conteudo-branco elementor-section-boxed elementor-section-height-default elementor-section-height-default exad-glass-effect-no wpr-particle-no wpr-jarallax-no wpr-parallax-no wpr-sticky-section-no exad-sticky-section-no\" data-id=\"63097b3d\" data-element_type=\"section\" data-e-type=\"section\">\n\t\t\t\t\t\t<div class=\"elementor-container elementor-column-gap-default\">\n\t\t\t\t\t<div class=\"elementor-column elementor-col-100 elementor-top-column elementor-element elementor-element-6b855425 exad-glass-effect-no exad-sticky-section-no\" data-id=\"6b855425\" data-element_type=\"column\" data-e-type=\"column\">\n\t\t\t<div class=\"elementor-widget-wrap elementor-element-populated\">\n\t\t\t\t\t\t<div class=\"elementor-element elementor-element-67f2b49c exad-sticky-section-no exad-glass-effect-no elementor-widget elementor-widget-html\" data-id=\"67f2b49c\" data-element_type=\"widget\" data-e-type=\"widget\" data-widget_type=\"html.default\">\n\t\t\t\t<div class=\"elementor-widget-container\">\n\t\t\t\t\t<p class=\"centralizartexto\" >\r\n\r\n\r\n<\/p>\r\n\r\n<style>\r\n    \r\n    .centralizartexto{\r\n        text-align: center;\r\n        width: 100%;\r\n    }\r\n    \r\n    .lattes{\r\n        \r\n        padding: 10px;\r\n        color: #fff;\r\n        \r\n        background-color: #454332;\r\n        \r\n    }\r\n    \r\n    .lattes:hover {\r\n        \r\n         color: #fff;\r\n    }\r\n    \r\n    \r\n    \r\n<\/style>\t\t\t\t<\/div>\n\t\t\t\t<\/div>\n\t\t\t\t\t<\/div>\n\t\t<\/div>\n\t\t\t\t\t<\/div>\n\t\t<\/section>\n\t\t\t\t<section class=\"elementor-section elementor-top-section elementor-element elementor-element-fa60c12 conteudo-branco elementor-section-boxed elementor-section-height-default elementor-section-height-default exad-glass-effect-no wpr-particle-no wpr-jarallax-no wpr-parallax-no wpr-sticky-section-no exad-sticky-section-no\" data-id=\"fa60c12\" data-element_type=\"section\" data-e-type=\"section\">\n\t\t\t\t\t\t<div class=\"elementor-container elementor-column-gap-default\">\n\t\t\t\t\t<div class=\"elementor-column elementor-col-100 elementor-top-column elementor-element elementor-element-0a4cea7 exad-glass-effect-no exad-sticky-section-no\" data-id=\"0a4cea7\" data-element_type=\"column\" data-e-type=\"column\">\n\t\t\t<div class=\"elementor-widget-wrap elementor-element-populated\">\n\t\t\t\t\t\t<div class=\"elementor-element elementor-element-31f347c exad-sticky-section-no exad-glass-effect-no elementor-widget elementor-widget-menu-anchor\" data-id=\"31f347c\" data-element_type=\"widget\" data-e-type=\"widget\" data-widget_type=\"menu-anchor.default\">\n\t\t\t\t<div class=\"elementor-widget-container\">\n\t\t\t\t\t\t\t<div class=\"elementor-menu-anchor\" id=\"atendimento\"><\/div>\n\t\t\t\t\t\t<\/div>\n\t\t\t\t<\/div>\n\t\t\t\t<div class=\"elementor-element elementor-element-1c13931 exad-sticky-section-no exad-glass-effect-no elementor-widget elementor-widget-heading\" data-id=\"1c13931\" data-element_type=\"widget\" data-e-type=\"widget\" data-widget_type=\"heading.default\">\n\t\t\t\t<div class=\"elementor-widget-container\">\n\t\t\t\t\t<h2 class=\"elementor-heading-title elementor-size-default\">Atendimento<\/h2>\t\t\t\t<\/div>\n\t\t\t\t<\/div>\n\t\t\t\t<div class=\"elementor-element elementor-element-2f05a24 exad-sticky-section-no exad-glass-effect-no elementor-widget elementor-widget-text-editor\" data-id=\"2f05a24\" data-element_type=\"widget\" data-e-type=\"widget\" data-widget_type=\"text-editor.default\">\n\t\t\t\t<div class=\"elementor-widget-container\">\n\t\t\t\t\t\t\t\t\t<div id=\"m_-1386481256458544391ext-gen2415\"><p><strong>Segunda a Sexta &#8211;<\/strong>\u00a0<br \/>Das 15h \u00e0s 20h.<\/p><\/div>\t\t\t\t\t\t\t\t<\/div>\n\t\t\t\t<\/div>\n\t\t\t\t\t<\/div>\n\t\t<\/div>\n\t\t\t\t\t<\/div>\n\t\t<\/section>\n\t\t\t\t<section class=\"elementor-section elementor-top-section elementor-element elementor-element-b6b7c95 conteudo-branco elementor-section-boxed elementor-section-height-default elementor-section-height-default exad-glass-effect-no wpr-particle-no wpr-jarallax-no wpr-parallax-no wpr-sticky-section-no exad-sticky-section-no\" data-id=\"b6b7c95\" data-element_type=\"section\" data-e-type=\"section\">\n\t\t\t\t\t\t<div class=\"elementor-container elementor-column-gap-default\">\n\t\t\t\t\t<div class=\"elementor-column elementor-col-100 elementor-top-column elementor-element elementor-element-be9c70c exad-glass-effect-no exad-sticky-section-no\" data-id=\"be9c70c\" data-element_type=\"column\" data-e-type=\"column\">\n\t\t\t<div class=\"elementor-widget-wrap elementor-element-populated\">\n\t\t\t\t\t\t<div class=\"elementor-element elementor-element-23478a5 exad-sticky-section-no exad-glass-effect-no elementor-widget elementor-widget-menu-anchor\" data-id=\"23478a5\" data-element_type=\"widget\" data-e-type=\"widget\" data-widget_type=\"menu-anchor.default\">\n\t\t\t\t<div class=\"elementor-widget-container\">\n\t\t\t\t\t\t\t<div class=\"elementor-menu-anchor\" id=\"arquivos\"><\/div>\n\t\t\t\t\t\t<\/div>\n\t\t\t\t<\/div>\n\t\t\t\t<div class=\"elementor-element elementor-element-0177673 exad-sticky-section-no exad-glass-effect-no elementor-widget elementor-widget-heading\" data-id=\"0177673\" data-element_type=\"widget\" data-e-type=\"widget\" data-widget_type=\"heading.default\">\n\t\t\t\t<div class=\"elementor-widget-container\">\n\t\t\t\t\t<h2 class=\"elementor-heading-title elementor-size-default\">Arquivos <\/h2>\t\t\t\t<\/div>\n\t\t\t\t<\/div>\n\t\t\t\t<div class=\"elementor-element elementor-element-c7916f8 exad-sticky-section-no exad-glass-effect-no elementor-widget elementor-widget-html\" data-id=\"c7916f8\" data-element_type=\"widget\" data-e-type=\"widget\" data-widget_type=\"html.default\">\n\t\t\t\t<div class=\"elementor-widget-container\">\n\t\t\t\t\t\r\n<ul class=\"listad\" >\r\n    \r\n    \r\n    \r\n    \r\n      <li>\r\n        <a class=\"iconed\" href=\"https:\/\/seune.edu.br\/portalseune\/wp-content\/uploads\/2025\/11\/Relatorio-Final-de-Estagio-Supervisionado.docx\">MODELO DE RELAT\u00d3RIO FINAL DE EST\u00c1GIO SUPERVISIONADO <\/a>\r\n    <\/li>\r\n    \r\n    <li>\r\n        <a class=\"iconed\" href=\"https:\/\/seune.edu.br\/portalseune\/wp-content\/uploads\/2025\/11\/Termo-de-Compromisso-de-Estagio-Obrigatorio-Nao-Remunerado.-Atualizado.docx\">  TERMO DE COMPROMISSO DE EST\u00c1GIO -OBRIGAT\u00d3RIO N\u00c3O REMUNERADO\r\n        <\/a>\r\n    <\/li>  \r\n    \r\n    \r\n    <li>\r\n        <a class=\"iconed\" href=\"https:\/\/seune.edu.br\/portalseune\/wp-content\/uploads\/2025\/11\/Modelo-de-Minuta-para-Estagios.-Atualizado.docx\">MODELO MINUTA PARA EST\u00c1GIOS<\/a>\r\n    <\/li>    \r\n    \r\n    \r\n    \r\n    <li>\r\n        <a class=\"iconed\" href=\"https:\/\/seune.edu.br\/portalseune\/wp-content\/uploads\/2025\/11\/Convenio-para-Concessao-de-Estagio-Obrigatorio.-Atualizado.docx\">CONV\u00caNIO PARA CONCESS\u00c3O DE EST\u00c1GIO OBRIGAT\u00d3RIO<\/a>\r\n    <\/li>    \r\n   \r\n    <li>\r\n        <a class=\"iconed\" href=\"https:\/\/seune.edu.br\/portalseune\/wp-content\/uploads\/2025\/11\/Termo-de-Convenio-de-Estagio-Nao-Obrigatorio.-Atualizado.docx\"> TERMO DE CONV\u00caNIO DE EST\u00c1GIO N\u00c3O OBRIGAT\u00d3RIO<\/a>\r\n    <\/li>    \r\n       \r\n\r\n<\/ul>\r\n\r\n\r\n\r\n\r\n\r\n\r\n\r\n\r\n\r\n\r\n\r\n <style>\r\n \r\n .listad{\r\n     \r\n     \r\n }\r\n \r\n \r\n .listad li {\r\n    padding-bottom: 10px; \r\n    font-family: koho\r\n     \r\n     \r\n }\r\n \r\n.iconed{\r\npadding-left: 31px;\r\n    background: url('http:\/\/seune.edu.br\/portalseune\/wp-content\/uploads\/2020\/01\/iconD.jpg') no-repeat left center ;\r\n    background-size: 25px 25px;\r\n    text-decoration: none;\r\n    \r\n    Color:black;\r\n    \r\n    \r\n}\r\n\r\n.iconed:hover {\r\n    color: #0850B6;\r\n    \r\n    \r\n}\r\n<\/style>\t\t\t\t<\/div>\n\t\t\t\t<\/div>\n\t\t\t\t\t<\/div>\n\t\t<\/div>\n\t\t\t\t\t<\/div>\n\t\t<\/section>\n\t\t\t\t<section class=\"elementor-section elementor-top-section elementor-element elementor-element-c787306 elementor-section-boxed elementor-section-height-default elementor-section-height-default exad-glass-effect-no wpr-particle-no wpr-jarallax-no wpr-parallax-no wpr-sticky-section-no exad-sticky-section-no\" data-id=\"c787306\" data-element_type=\"section\" data-e-type=\"section\">\n\t\t\t\t\t\t<div class=\"elementor-container elementor-column-gap-default\">\n\t\t\t\t\t<div class=\"elementor-column elementor-col-100 elementor-top-column elementor-element elementor-element-da7ecf6 exad-glass-effect-no exad-sticky-section-no\" data-id=\"da7ecf6\" data-element_type=\"column\" data-e-type=\"column\">\n\t\t\t<div class=\"elementor-widget-wrap\">\n\t\t\t\t\t\t\t<\/div>\n\t\t<\/div>\n\t\t\t\t\t<\/div>\n\t\t<\/section>\n\t\t\t\t<section class=\"elementor-section elementor-top-section elementor-element elementor-element-76d07c6 elementor-section-boxed elementor-section-height-default elementor-section-height-default exad-glass-effect-no wpr-particle-no wpr-jarallax-no wpr-parallax-no wpr-sticky-section-no exad-sticky-section-no\" data-id=\"76d07c6\" data-element_type=\"section\" data-e-type=\"section\">\n\t\t\t\t\t\t<div class=\"elementor-container elementor-column-gap-default\">\n\t\t\t\t\t<div class=\"elementor-column elementor-col-100 elementor-top-column elementor-element elementor-element-ad2ff44 exad-glass-effect-no exad-sticky-section-no\" data-id=\"ad2ff44\" data-element_type=\"column\" data-e-type=\"column\">\n\t\t\t<div class=\"elementor-widget-wrap\">\n\t\t\t\t\t\t\t<\/div>\n\t\t<\/div>\n\t\t\t\t\t<\/div>\n\t\t<\/section>\n\t\t\t\t<\/div>\n\t\t","protected":false},"excerpt":{"rendered":"<p>Sobre A Faculdade SEUNE busca incessantemente firmar parcerias e conv\u00eanios com diversas empresas e institui\u00e7\u00f5es p\u00fablicas e privadas, atrav\u00e9s da Coordena\u00e7\u00e3o de Est\u00e1gios, com o intuito de ampliar as possibilidades de interface de conhecimento te\u00f3rico-pr\u00e1tico para seus alunos. Confira a rela\u00e7\u00e3o de empresas conveniadas com as quais voc\u00ea poder\u00e1 realizar est\u00e1gio e tornar-se mais competitivo <a class=\"more-link\" href=\"https:\/\/seune.edu.br\/portalseune\/estagios\/\">&hellip; Continue lendo&hellip; &rarr;<\/a><\/p>\n","protected":false},"author":1,"featured_media":0,"parent":0,"menu_order":0,"comment_status":"closed","ping_status":"closed","template":"elementor_header_footer","meta":{"_acf_changed":false,"footnotes":""},"class_list":["post-992","page","type-page","status-publish","hentry"],"acf":[],"jetpack_sharing_enabled":true,"_links":{"self":[{"href":"https:\/\/seune.edu.br\/portalseune\/wp-json\/wp\/v2\/pages\/992","targetHints":{"allow":["GET"]}}],"collection":[{"href":"https:\/\/seune.edu.br\/portalseune\/wp-json\/wp\/v2\/pages"}],"about":[{"href":"https:\/\/seune.edu.br\/portalseune\/wp-json\/wp\/v2\/types\/page"}],"author":[{"embeddable":true,"href":"https:\/\/seune.edu.br\/portalseune\/wp-json\/wp\/v2\/users\/1"}],"replies":[{"embeddable":true,"href":"https:\/\/seune.edu.br\/portalseune\/wp-json\/wp\/v2\/comments?post=992"}],"version-history":[{"count":80,"href":"https:\/\/seune.edu.br\/portalseune\/wp-json\/wp\/v2\/pages\/992\/revisions"}],"predecessor-version":[{"id":6367,"href":"https:\/\/seune.edu.br\/portalseune\/wp-json\/wp\/v2\/pages\/992\/revisions\/6367"}],"wp:attachment":[{"href":"https:\/\/seune.edu.br\/portalseune\/wp-json\/wp\/v2\/media?parent=992"}],"curies":[{"name":"wp","href":"https:\/\/api.w.org\/{rel}","templated":true}]}}